{"id":1024,"date":"2024-01-30T18:48:29","date_gmt":"2024-01-30T17:48:29","guid":{"rendered":"https:\/\/lamaisonbachelet.com\/?page_id=1024"},"modified":"2024-03-11T16:51:28","modified_gmt":"2024-03-11T15:51:28","slug":"accueil-cyclistes","status":"publish","type":"page","link":"https:\/\/lamaisonbachelet.com\/en\/accueil-cyclistes","title":{"rendered":"Cyclists' home"},"content":{"rendered":"<div data-elementor-type=\"wp-page\" data-elementor-id=\"1024\" class=\"elementor elementor-1024\">\n\t\t\t\t\t\t\t<div class=\"elementor-element elementor-element-0db43b8 e-flex e-con-boxed e-con e-parent\" data-id=\"0db43b8\" data-element_type=\"container\" data-settings=\"{&quot;content_width&quot;:&quot;boxed&quot;}\" data-core-v316-plus=\"true\">\n\t\t\t\t\t<div class=\"e-con-inner\">\n\t\t\t\t<div class=\"elementor-element elementor-element-5bd0be4 elementor-widget elementor-widget-text-editor\" data-id=\"5bd0be4\" data-element_type=\"widget\" data-widget_type=\"text-editor.default\">\n\t\t\t\t<div class=\"elementor-widget-container\">\n\t\t\t<style>\/*! elementor - v3.17.0 - 08-11-2023 *\/\n.elementor-widget-text-editor.elementor-drop-cap-view-stacked .elementor-drop-cap{background-color:#69727d;color:#fff}.elementor-widget-text-editor.elementor-drop-cap-view-framed .elementor-drop-cap{color:#69727d;border:3px solid;background-color:transparent}.elementor-widget-text-editor:not(.elementor-drop-cap-view-default) .elementor-drop-cap{margin-top:8px}.elementor-widget-text-editor:not(.elementor-drop-cap-view-default) .elementor-drop-cap-letter{width:1em;height:1em}.elementor-widget-text-editor .elementor-drop-cap{float:left;text-align:center;line-height:1;font-size:50px}.elementor-widget-text-editor .elementor-drop-cap-letter{display:inline-block}<\/style>\t\t\t\t<p>Located in the immediate vicinity of the \"European bicycle highway\", with the greenway passing less than a kilometer from La Maison Bachelet, we had no choice but to join the  label\u00a0<a href=\"https:\/\/www.francevelotourisme.com\/accueil-velo\">Accueil v\u00e9lo<\/a>. Whether you're on the road or just want to indulge your passion for cycling in our beautiful region, you'll find everything you need here.\u00a0<\/p><p>By choosing the\u00a0<a href=\"https:\/\/lamaisonbachelet.com\/en\/loft\/\" target=\"_blank\" rel=\"noopener\">loft<\/a>you're looking for autonomy, you've come to the right place: the enclosed garage allows you to store your bikes safely. You'll have everything you need for basic maintenance: repair and inflation kits, small tools, rags, etc.<\/p><p>In the loft, you'll find everything you need to rest after a long ride, wash and dry your cycling gear, get back into shape, prepare your meals in the fully-equipped kitchen and enjoy a quiet, relaxing moment. On request, you can even benefit from <a href=\"https:\/\/lamaisonbachelet.com\/en\/ou-manger\/\">meal\u00a0<\/a> (Tapas only) for late arrivals.<\/p><p>By choosing\u00a0<a href=\"https:\/\/lamaisonbachelet.com\/en\/nos-chambres-dhotes\/\" target=\"_blank\" rel=\"noopener\">guest rooms,<\/a>\u00a0you'll enjoy even more personalized service, spacious, comfortable rooms and hearty breakfasts. What's more,<span style=\"color: var( --e-global-color-text ); font-family: var( --e-global-typography-text-font-family ), Sans-serif; font-weight: var( --e-global-typography-text-font-weight ); text-align: var(--text-align); font-size: 1rem;\">if you wish, on request, you can <a href=\"https:\/\/lamaisonbachelet.com\/en\/se-restaurer-sur-place-ou-dans-les-environs\/\">dinner on site<\/a> with tasty dishes prepared by Agn\u00e8s. Your bikes can be stored in our secure garage. Small maintenance equipment is at your disposal, and you can even wash and dry your cycling outfits.<\/span><\/p><p>Finally, if your itinerary is disrupted by the vagaries of weather or mechanics, and you don't have a place reserved for this unforeseen stopover, we'll do everything we can to accommodate you at the last minute with a simple phone call (+33 6 86 49 39 52), even if all our accommodation is fully booked. We do our utmost to ensure that we always have a spare room available.\u00a0<\/p><p>You come to us to discover our beautiful region, so rather than reinventing a new specialized tourist guide, we suggest you visit the <a href=\"https:\/\/www.francevelotourisme.com\/itineraire\/la-mediterranee-a-velo-eurovelo-8\">M\u00e9diterran\u00e9e en v\u00e9lo<\/a>. Enjoy your stay with us.<\/p>\t\t\t\t\t\t<\/div>\n\t\t\t\t<\/div>\n\t\t\t\t\t<\/div>\n\t\t\t\t<\/div>\n\t\t\t\t\t\t\t<\/div>","protected":false},"excerpt":{"rendered":"<p>Situ\u00e9s \u00e0 proximit\u00e9 imm\u00e9diate de \u00ab\u00a0l&rsquo;autoroute Europ\u00e9enne du v\u00e9lo\u00a0\u00bb, la voie verte passe \u00e0\u00a0 moins d&rsquo;un kilom\u00e8tre de La Maison Bachelet, ne nous pouvions faire autrement que de nous affilier au label \u00ab\u00a0Accueil v\u00e9lo\u00ab\u00a0. Que vous soyez en itin\u00e9rance ou que vous d\u00e9cidiez d&rsquo;assouvir votre passion du v\u00e9lo dans notre belle r\u00e9gion, vous trouverez chez [&hellip;]<\/p>","protected":false},"author":1,"featured_media":0,"parent":0,"menu_order":0,"comment_status":"closed","ping_status":"closed","template":"","meta":{"footnotes":""},"class_list":["post-1024","page","type-page","status-publish","hentry"],"_links":{"self":[{"href":"https:\/\/lamaisonbachelet.com\/en\/wp-json\/wp\/v2\/pages\/1024","targetHints":{"allow":["GET"]}}],"collection":[{"href":"https:\/\/lamaisonbachelet.com\/en\/wp-json\/wp\/v2\/pages"}],"about":[{"href":"https:\/\/lamaisonbachelet.com\/en\/wp-json\/wp\/v2\/types\/page"}],"author":[{"embeddable":true,"href":"https:\/\/lamaisonbachelet.com\/en\/wp-json\/wp\/v2\/users\/1"}],"replies":[{"embeddable":true,"href":"https:\/\/lamaisonbachelet.com\/en\/wp-json\/wp\/v2\/comments?post=1024"}],"version-history":[{"count":22,"href":"https:\/\/lamaisonbachelet.com\/en\/wp-json\/wp\/v2\/pages\/1024\/revisions"}],"predecessor-version":[{"id":1117,"href":"https:\/\/lamaisonbachelet.com\/en\/wp-json\/wp\/v2\/pages\/1024\/revisions\/1117"}],"wp:attachment":[{"href":"https:\/\/lamaisonbachelet.com\/en\/wp-json\/wp\/v2\/media?parent=1024"}],"curies":[{"name":"wp","href":"https:\/\/api.w.org\/{rel}","templated":true}]}}