{"id":1033,"date":"2024-01-31T11:42:57","date_gmt":"2024-01-31T10:42:57","guid":{"rendered":"https:\/\/lamaisonbachelet.com\/?page_id=1033"},"modified":"2026-02-10T12:17:55","modified_gmt":"2026-02-10T11:17:55","slug":"accueils-specialises","status":"publish","type":"page","link":"https:\/\/lamaisonbachelet.com\/en\/accueils-specialises","title":{"rendered":"Personalized welcome"},"content":{"rendered":"<div data-elementor-type=\"wp-page\" data-elementor-id=\"1033\" class=\"elementor elementor-1033\">\n\t\t\t\t\t\t\t<div class=\"elementor-element elementor-element-927ba99 e-flex e-con-boxed e-con e-parent\" data-id=\"927ba99\" data-element_type=\"container\" data-settings=\"{&quot;content_width&quot;:&quot;boxed&quot;}\" data-core-v316-plus=\"true\">\n\t\t\t\t\t<div class=\"e-con-inner\">\n\t\t\t\t<div class=\"elementor-element elementor-element-670de97 elementor-widget elementor-widget-text-editor\" data-id=\"670de97\" data-element_type=\"widget\" data-widget_type=\"text-editor.default\">\n\t\t\t\t<div class=\"elementor-widget-container\">\n\t\t\t<style>\/*! elementor - v3.17.0 - 08-11-2023 *\/\n.elementor-widget-text-editor.elementor-drop-cap-view-stacked .elementor-drop-cap{background-color:#69727d;color:#fff}.elementor-widget-text-editor.elementor-drop-cap-view-framed .elementor-drop-cap{color:#69727d;border:3px solid;background-color:transparent}.elementor-widget-text-editor:not(.elementor-drop-cap-view-default) .elementor-drop-cap{margin-top:8px}.elementor-widget-text-editor:not(.elementor-drop-cap-view-default) .elementor-drop-cap-letter{width:1em;height:1em}.elementor-widget-text-editor .elementor-drop-cap{float:left;text-align:center;line-height:1;font-size:50px}.elementor-widget-text-editor .elementor-drop-cap-letter{display:inline-block}<\/style>\t\t\t\t<p><strong>At La Maison Bachelet, hospitality is not an empty word. It is a virtue.<\/strong><\/p><p>Que vous soyez \u00e0 pieds, \u00e0 v\u00e9lo, en voiture, en moto, nous adaptons notre offre afin de mieux r\u00e9pondre \u00e0 vos besoins particuliers et ainsi optimiser votre s\u00e9jour :<\/p><p>Accueil en gare ou \u00e0 l&rsquo;a\u00e9roport,<\/p><p>Pr\u00eat de v\u00e9los,<\/p><p>Service \u00ab\u00a0chauffeur\u00a0\u00bb pour vous permettre de profiter d&rsquo;une soir\u00e9e sans avoir \u00e0 prendre le volant ou le guidon,<\/p><p>Mise \u00e0 disposition de moyens adapt\u00e9s tels que garage, petit outillage, lave linge, etc.<\/p><p>Chargeurs \u00e9lectriques \u00ab\u00a0rapides\u00a0\u00bb pour les possesseurs de voitures \u00e9lectriques.\u00a0<\/p><p>N&rsquo;h\u00e9sitez pas \u00e0 nous contacter pour nous faire part de vos demandes particuli\u00e8res !<\/p>\t\t\t\t\t\t<\/div>\n\t\t\t\t<\/div>\n\t\t\t\t\t<\/div>\n\t\t\t\t<\/div>\n\t\t\t\t\t\t\t<\/div>","protected":false},"excerpt":{"rendered":"<p>A La Maison Bachelet, l&rsquo;accueil n&rsquo;est pas un vain mot. Il est \u00e9rig\u00e9 au rang de vertu. Que vous soyez \u00e0 pieds, \u00e0 v\u00e9lo, en voiture, en moto, nous adaptons notre offre afin de mieux r\u00e9pondre \u00e0 vos besoins particuliers et ainsi optimiser votre s\u00e9jour : Accueil en gare ou \u00e0 l&rsquo;a\u00e9roport, Pr\u00eat de v\u00e9los, [&hellip;]<\/p>","protected":false},"author":1,"featured_media":0,"parent":0,"menu_order":0,"comment_status":"closed","ping_status":"closed","template":"","meta":{"footnotes":""},"class_list":["post-1033","page","type-page","status-publish","hentry"],"_links":{"self":[{"href":"https:\/\/lamaisonbachelet.com\/en\/wp-json\/wp\/v2\/pages\/1033","targetHints":{"allow":["GET"]}}],"collection":[{"href":"https:\/\/lamaisonbachelet.com\/en\/wp-json\/wp\/v2\/pages"}],"about":[{"href":"https:\/\/lamaisonbachelet.com\/en\/wp-json\/wp\/v2\/types\/page"}],"author":[{"embeddable":true,"href":"https:\/\/lamaisonbachelet.com\/en\/wp-json\/wp\/v2\/users\/1"}],"replies":[{"embeddable":true,"href":"https:\/\/lamaisonbachelet.com\/en\/wp-json\/wp\/v2\/comments?post=1033"}],"version-history":[{"count":23,"href":"https:\/\/lamaisonbachelet.com\/en\/wp-json\/wp\/v2\/pages\/1033\/revisions"}],"predecessor-version":[{"id":1179,"href":"https:\/\/lamaisonbachelet.com\/en\/wp-json\/wp\/v2\/pages\/1033\/revisions\/1179"}],"wp:attachment":[{"href":"https:\/\/lamaisonbachelet.com\/en\/wp-json\/wp\/v2\/media?parent=1033"}],"curies":[{"name":"wp","href":"https:\/\/api.w.org\/{rel}","templated":true}]}}