{"id":1067,"date":"2024-03-09T16:16:57","date_gmt":"2024-03-09T15:16:57","guid":{"rendered":"https:\/\/lamaisonbachelet.com\/?page_id=1067"},"modified":"2026-02-10T11:53:13","modified_gmt":"2026-02-10T10:53:13","slug":"ou-manger-1","status":"publish","type":"page","link":"https:\/\/lamaisonbachelet.com\/en\/ou-manger-1","title":{"rendered":"O\u00f9 manger  ?"},"content":{"rendered":"<div data-elementor-type=\"wp-page\" data-elementor-id=\"1067\" class=\"elementor elementor-1067\">\n\t\t\t\t\t\t\t<div class=\"elementor-element elementor-element-a0b589f e-flex e-con-boxed e-con e-parent\" data-id=\"a0b589f\" data-element_type=\"container\" data-settings=\"{&quot;content_width&quot;:&quot;boxed&quot;}\" data-core-v316-plus=\"true\">\n\t\t\t\t\t<div class=\"e-con-inner\">\n\t\t\t\t<div class=\"elementor-element elementor-element-822bca0 elementor-widget elementor-widget-heading\" data-id=\"822bca0\" data-element_type=\"widget\" data-widget_type=\"heading.default\">\n\t\t\t\t<div class=\"elementor-widget-container\">\n\t\t\t<style>\/*! elementor - v3.17.0 - 08-11-2023 *\/\n.elementor-heading-title{padding:0;margin:0;line-height:1}.elementor-widget-heading .elementor-heading-title[class*=elementor-size-]>a{color:inherit;font-size:inherit;line-height:inherit}.elementor-widget-heading .elementor-heading-title.elementor-size-small{font-size:15px}.elementor-widget-heading .elementor-heading-title.elementor-size-medium{font-size:19px}.elementor-widget-heading .elementor-heading-title.elementor-size-large{font-size:29px}.elementor-widget-heading .elementor-heading-title.elementor-size-xl{font-size:39px}.elementor-widget-heading .elementor-heading-title.elementor-size-xxl{font-size:59px}<\/style><h2 class=\"elementor-heading-title elementor-size-default\">Catering on site<\/h2>\t\t<\/div>\n\t\t\t\t<\/div>\n\t\t\t\t\t<\/div>\n\t\t\t\t<\/div>\n\t\t<div class=\"elementor-element elementor-element-b105509 e-flex e-con-boxed e-con e-parent\" data-id=\"b105509\" data-element_type=\"container\" data-settings=\"{&quot;content_width&quot;:&quot;boxed&quot;}\" data-core-v316-plus=\"true\">\n\t\t\t\t\t<div class=\"e-con-inner\">\n\t\t\t\t<div class=\"elementor-element elementor-element-6aa3db4 elementor-widget elementor-widget-text-editor\" data-id=\"6aa3db4\" data-element_type=\"widget\" data-widget_type=\"text-editor.default\">\n\t\t\t\t<div class=\"elementor-widget-container\">\n\t\t\t<style>\/*! elementor - v3.17.0 - 08-11-2023 *\/\n.elementor-widget-text-editor.elementor-drop-cap-view-stacked .elementor-drop-cap{background-color:#69727d;color:#fff}.elementor-widget-text-editor.elementor-drop-cap-view-framed .elementor-drop-cap{color:#69727d;border:3px solid;background-color:transparent}.elementor-widget-text-editor:not(.elementor-drop-cap-view-default) .elementor-drop-cap{margin-top:8px}.elementor-widget-text-editor:not(.elementor-drop-cap-view-default) .elementor-drop-cap-letter{width:1em;height:1em}.elementor-widget-text-editor .elementor-drop-cap{float:left;text-align:center;line-height:1;font-size:50px}.elementor-widget-text-editor .elementor-drop-cap-letter{display:inline-block}<\/style>\t\t\t\t<p>If you're arriving late and prefer to relax after a long journey or an \"exhausting\" day, we can arrange for you to eat on site, in the dining room, on the terrace, by the pool or in front of the fireplace...\u00a0<\/p><p>Just ask us in advance.<em> en pr\u00e9cisant vos r\u00e9gimes alimentaires ou allergies le cas \u00e9ch\u00e9ant.\u00a0<\/em><\/p><p>Two \"all-inclusive\" packages are available, depending on your tastes and desires.\u00a0<\/p>\t\t\t\t\t\t<\/div>\n\t\t\t\t<\/div>\n\t\t\t\t\t<\/div>\n\t\t\t\t<\/div>\n\t\t<div class=\"elementor-element elementor-element-a00f774 e-flex e-con-boxed e-con e-parent\" data-id=\"a00f774\" data-element_type=\"container\" data-settings=\"{&quot;content_width&quot;:&quot;boxed&quot;}\" data-core-v316-plus=\"true\">\n\t\t\t\t\t<div class=\"e-con-inner\">\n\t\t<div class=\"elementor-element elementor-element-377f966 e-con-full e-flex e-con e-child\" data-id=\"377f966\" data-element_type=\"container\" data-settings=\"{&quot;content_width&quot;:&quot;full&quot;}\">\n\t\t\t\t<div class=\"elementor-element elementor-element-ad891e3 elementor-widget elementor-widget-text-editor\" data-id=\"ad891e3\" data-element_type=\"widget\" data-widget_type=\"text-editor.default\">\n\t\t\t\t<div class=\"elementor-widget-container\">\n\t\t\t\t\t\t\t<p><strong>\u00ab\u00a0Tapas\u00a0\u00bb\u00a0<\/strong><\/p><p>Ap\u00e9ritif<\/p><p>A variety of sweet and savoury tapas<\/p><p>wine<\/p><p>Caf\u00e9 ou infusion<\/p><p><em><strong>20 \u20ac\u00a0 \u00a0 \u00a0<\/strong>All inclusive<\/em><\/p>\t\t\t\t\t\t<\/div>\n\t\t\t\t<\/div>\n\t\t\t\t<\/div>\n\t\t<div class=\"elementor-element elementor-element-8fc3a63 e-con-full e-flex e-con e-child\" data-id=\"8fc3a63\" data-element_type=\"container\" data-settings=\"{&quot;content_width&quot;:&quot;full&quot;}\">\n\t\t\t\t<div class=\"elementor-element elementor-element-ed1ef83 elementor-widget elementor-widget-text-editor\" data-id=\"ed1ef83\" data-element_type=\"widget\" data-widget_type=\"text-editor.default\">\n\t\t\t\t<div class=\"elementor-widget-container\">\n\t\t\t\t\t\t\t<p><strong>Menu \u00ab\u00a0Inspiration d&rsquo;Agn\u00e8s\u00a0\u00bb\u00a0<\/strong><\/p><p>Ap\u00e9ritif\u00a0<\/p><p>First course\u00a0<\/p><p>Main course\u00a0<\/p><p>fromage \/\u00a0 dessert<\/p><p>wine\u00a0<\/p><p>Caf\u00e9 ou infusion<\/p><p><strong>35 \u20ac<\/strong>\u00a0 \u00a0 \u00a0All inclusive<\/p>\t\t\t\t\t\t<\/div>\n\t\t\t\t<\/div>\n\t\t\t\t<\/div>\n\t\t\t\t\t<\/div>\n\t\t\t\t<\/div>\n\t\t<div class=\"elementor-element elementor-element-9c532b2 e-flex e-con-boxed e-con e-parent\" data-id=\"9c532b2\" data-element_type=\"container\" data-settings=\"{&quot;content_width&quot;:&quot;boxed&quot;}\" data-core-v316-plus=\"true\">\n\t\t\t\t\t<div class=\"e-con-inner\">\n\t\t<div class=\"elementor-element elementor-element-bed2885 e-con-full e-flex e-con e-child\" data-id=\"bed2885\" data-element_type=\"container\" data-settings=\"{&quot;content_width&quot;:&quot;full&quot;}\">\n\t\t\t\t<div class=\"elementor-element elementor-element-a9f9c7c elementor-widget elementor-widget-heading\" data-id=\"a9f9c7c\" data-element_type=\"widget\" data-widget_type=\"heading.default\">\n\t\t\t\t<div class=\"elementor-widget-container\">\n\t\t\t<h2 class=\"elementor-heading-title elementor-size-default\">Restaurants in the area<\/h2>\t\t<\/div>\n\t\t\t\t<\/div>\n\t\t\t\t<\/div>\n\t\t\t\t\t<\/div>\n\t\t\t\t<\/div>\n\t\t<div class=\"elementor-element elementor-element-2ebe993 e-flex e-con-boxed e-con e-parent\" data-id=\"2ebe993\" data-element_type=\"container\" data-settings=\"{&quot;content_width&quot;:&quot;boxed&quot;}\" data-core-v316-plus=\"true\">\n\t\t\t\t\t<div class=\"e-con-inner\">\n\t\t\t\t<div class=\"elementor-element elementor-element-b4213e6 elementor-widget elementor-widget-text-editor\" data-id=\"b4213e6\" data-element_type=\"widget\" data-widget_type=\"text-editor.default\">\n\t\t\t\t<div class=\"elementor-widget-container\">\n\t\t\t\t\t\t\t<h4>We can also recommend a few restaurants in the area.\u00a0<\/h4><p>The list is not exhaustive, and your discoveries and favorites will be welcome to \"flesh out\" the selection!<\/p>\t\t\t\t\t\t<\/div>\n\t\t\t\t<\/div>\n\t\t\t\t\t<\/div>\n\t\t\t\t<\/div>\n\t\t<div class=\"elementor-element elementor-element-3a7200e e-flex e-con-boxed e-con e-parent\" data-id=\"3a7200e\" data-element_type=\"container\" data-settings=\"{&quot;content_width&quot;:&quot;boxed&quot;}\" data-core-v316-plus=\"true\">\n\t\t\t\t\t<div class=\"e-con-inner\">\n\t\t\t\t<div class=\"elementor-element elementor-element-6bfb8b2 elementor-widget elementor-widget-text-editor\" data-id=\"6bfb8b2\" data-element_type=\"widget\" data-widget_type=\"text-editor.default\">\n\t\t\t\t<div class=\"elementor-widget-container\">\n\t\t\t\t\t\t\t<p><\/p>\n<table width=\"1394\">\n<tbody>\n<tr>\n<td colspan=\"9\" width=\"1394\">Liste des restaurants recommand\u00e9s par La Maison Bachelet&nbsp; &nbsp; &nbsp; &nbsp; &nbsp; &nbsp; &nbsp; &nbsp; &nbsp; &nbsp; &nbsp; &nbsp; &nbsp; &nbsp; &nbsp; &nbsp; &nbsp; &nbsp; &nbsp; &nbsp; &nbsp; &nbsp; &nbsp; &nbsp; &nbsp; &nbsp; &nbsp; &nbsp; &nbsp; &nbsp; &nbsp; &nbsp; &nbsp; &nbsp; &nbsp; &nbsp; &nbsp; &nbsp; &nbsp; &nbsp; &nbsp; &nbsp;List of restaurants recommended by La Maison Bachelet<\/td>\n<\/tr>\n<tr>\n<td colspan=\"9\">La liste ci-dessous se base sur l&rsquo;avis d&rsquo;Agn\u00e8s et Jean-Fran\u00e7ois qui ont eu pu&nbsp; tester les lieux.&nbsp; The list below is based on the single opinion of Agn\u00e8s and&nbsp; Jean-Fran\u00e7ois who had the opportunity to test the place<\/td>\n<\/tr>\n<tr>\n<td colspan=\"9\">Les lieux non r\u00e9pertori\u00e9s n&rsquo;ont pas \u00e9t\u00e9 test\u00e9s ou ils ne nous ont pas plu !&nbsp; &nbsp; &nbsp; &nbsp; &nbsp; &nbsp; &nbsp; If places are not listed, it means that they have not been tested or that we do not like them!<\/td>\n<\/tr>\n<tr>\n<td>&nbsp;<\/td>\n<td>&nbsp;<\/td>\n<td>&nbsp;<\/td>\n<td>&nbsp;<\/td>\n<td>&nbsp;<\/td>\n<td>&nbsp;<\/td>\n<td>&nbsp;<\/td>\n<td>&nbsp;<\/td>\n<td>&nbsp;<\/td>\n<\/tr>\n<tr>\n<td>Nom du restaurant<\/td>\n<td>Phone number<\/td>\n<td>Ville<\/td>\n<td>Distance<\/td>\n<td>Homepage<\/td>\n<td>Cadre<\/td>\n<td>Type restauration<\/td>\n<td>Prix&nbsp; \/ pers<\/td>\n<td>Observation<\/td>\n<\/tr>\n<tr>\n<td>&nbsp;<\/td>\n<td>&nbsp;<\/td>\n<td>&nbsp;<\/td>\n<td>&nbsp;<\/td>\n<td>&nbsp;<\/td>\n<td>&nbsp;<\/td>\n<td>&nbsp;<\/td>\n<td>&nbsp;<\/td>\n<td>&nbsp;<\/td>\n<\/tr>\n<tr>\n<td colspan=\"2\"><strong>Rapide \/ A emporter<\/strong><\/td>\n<td>&nbsp;<\/td>\n<td>&nbsp;<\/td>\n<td>&nbsp;<\/td>\n<td>&nbsp;<\/td>\n<td>&nbsp;<\/td>\n<td>&nbsp;<\/td>\n<td>&nbsp;<\/td>\n<\/tr>\n<tr>\n<td>Kinga Pizza<\/td>\n<td>07 76 04 93 10<\/td>\n<td>Claira<\/td>\n<td>300 m<\/td>\n<td>Tr\u00e8s d\u00e9contract\u00e9<\/td>\n<td>Pizz\u00e9ria \u00e0 emporter<\/td>\n<td>Pizzas \/&nbsp; burger \/ Khebab<\/td>\n<td>12 \/ 15<\/td>\n<td>Livraison \u00e0 domicile<\/td>\n<\/tr>\n<tr>\n<td>L&rsquo;Aquarium<\/td>\n<td>04 68 40 92 36<\/td>\n<td>Leucate&nbsp;<\/td>\n<td>20 km<\/td>\n<td>Tr\u00e8s d\u00e9contract\u00e9<\/td>\n<td>Terrasse sur canal (demander)<\/td>\n<td>Huitres \/ palourdes \/ bulots \/ crevettes<\/td>\n<td>25 \/ 35<\/td>\n<td>Centre ostr\u00e9icole sur place&nbsp; emporter<\/td>\n<\/tr>\n<tr>\n<td>&nbsp;<\/td>\n<td>&nbsp;<\/td>\n<td>&nbsp;<\/td>\n<td>&nbsp;<\/td>\n<td>&nbsp;<\/td>\n<td>&nbsp;<\/td>\n<td>&nbsp;<\/td>\n<td>&nbsp;<\/td>\n<td>&nbsp;<\/td>\n<\/tr>\n<tr>\n<td colspan=\"2\"><strong>Traditionnel<\/strong><\/td>\n<td>&nbsp;<\/td>\n<td>&nbsp;<\/td>\n<td>&nbsp;<\/td>\n<td>&nbsp;<\/td>\n<td>&nbsp;<\/td>\n<td>&nbsp;<\/td>\n<td>&nbsp;<\/td>\n<\/tr>\n<tr>\n<td>Le Gubbi<\/td>\n<td>06 37 85 37 65<\/td>\n<td>Ste Marie la mer<\/td>\n<td>10 km<\/td>\n<td>Tr\u00e8s d\u00e9contract\u00e9<\/td>\n<td>Type brasserie place du village<\/td>\n<td>Plats et pizzas<\/td>\n<td>25 \/ 50<\/td>\n<td>&nbsp;<\/td>\n<\/tr>\n<tr>\n<td>O rebond favorable<\/td>\n<td>06 28 98 18 53<\/td>\n<td>Claira<\/td>\n<td>2 km<\/td>\n<td>D\u00e9contract\u00e9<\/td>\n<td>Grande terrasse&nbsp;<\/td>\n<td>Cuisine traditionnelle catalane<\/td>\n<td>25 \/ 50<\/td>\n<td>Parking<\/td>\n<\/tr>\n<tr>\n<td>Le garde manger<\/td>\n<td>07 69 41 84 82<\/td>\n<td>Rivesaltes<\/td>\n<td>10 km<\/td>\n<td>D\u00e9contract\u00e9<\/td>\n<td>Placette&nbsp;<\/td>\n<td>Viande extra matur\u00e9e&nbsp; \/&nbsp; vins prix producteur<\/td>\n<td>25 \/ 70<\/td>\n<td>&nbsp;<\/td>\n<\/tr>\n<tr>\n<td>La loge<\/td>\n<td>04 68 38 62 86<\/td>\n<td>Salses<\/td>\n<td>13 km<\/td>\n<td>D\u00e9contract\u00e9<\/td>\n<td>Salle tr\u00e8s typique<\/td>\n<td>Cuisine catalane<\/td>\n<td>25 \/ 50<\/td>\n<td>Batiment \u00ab\u00a0class\u00e9\u00a0\u00bb<\/td>\n<\/tr>\n<tr>\n<td>La fabrik<\/td>\n<td>04 68 64 24 04<\/td>\n<td>Perpignan Th\u00e9atre<\/td>\n<td>15 km<\/td>\n<td>D\u00e9contract\u00e9&nbsp;<\/td>\n<td>Tapas \/ bar \u00e0 vins<\/td>\n<td>Cuisine traditionnelle \/ Tapas<\/td>\n<td>15 \/ 50<\/td>\n<td>Moderne \/ A la mode<\/td>\n<\/tr>\n<tr>\n<td>Rombeau<\/td>\n<td>04 68 64 35 35<\/td>\n<td>Rivesaltes<\/td>\n<td>10 km<\/td>\n<td>D\u00e9contract\u00e9<\/td>\n<td>Vieille cave \/ grande salle<\/td>\n<td>Cuisine traditionnelle \u00ab\u00a0copieuse\u00a0\u00bb<\/td>\n<td>30 \/ 60<\/td>\n<td>Parking privatif<\/td>\n<\/tr>\n<tr>\n<td>Le poisson rouge<\/td>\n<td>04 68 98 03 12<\/td>\n<td>Port Vendres<\/td>\n<td>50 km<\/td>\n<td>D\u00e9contract\u00e9<\/td>\n<td>Ponton sur l&rsquo;eau (demander)<\/td>\n<td>Poissons<\/td>\n<td>40 \/ 65<\/td>\n<td>&nbsp;<\/td>\n<\/tr>\n<tr>\n<td>L&rsquo;Oriental<\/td>\n<td>04 68 64 31 78<\/td>\n<td>Barcar\u00e8s<\/td>\n<td>12 km<\/td>\n<td>D\u00e9contract\u00e9<\/td>\n<td>Ambiance Moyen Orientale<\/td>\n<td>Couscous \/ Tajines<\/td>\n<td>25 \/ 45<\/td>\n<td>D\u00e9coration typique&nbsp;<\/td>\n<\/tr>\n<tr>\n<td>&nbsp;<\/td>\n<td>&nbsp;<\/td>\n<td>&nbsp;<\/td>\n<td>&nbsp;<\/td>\n<td>&nbsp;<\/td>\n<td>&nbsp;<\/td>\n<td>&nbsp;<\/td>\n<td>&nbsp;<\/td>\n<td>&nbsp;<\/td>\n<\/tr>\n<tr>\n<td colspan=\"2\"><strong>Restaurant de plage&nbsp; \/ \u00e9t\u00e9<\/strong><\/td>\n<td>&nbsp;<\/td>\n<td>&nbsp;<\/td>\n<td>&nbsp;<\/td>\n<td>&nbsp;<\/td>\n<td>&nbsp;<\/td>\n<td>&nbsp;<\/td>\n<td>&nbsp;<\/td>\n<\/tr>\n<tr>\n<td>La baraquette<\/td>\n<td>06 15 29 73 22<\/td>\n<td>Torreilles plage<\/td>\n<td>13 km<\/td>\n<td>Paillotte<\/td>\n<td>Plage Torreilles<\/td>\n<td>Carte simple&nbsp; excellent poisson<\/td>\n<td>45 \/ 75<\/td>\n<td>Calme&nbsp; petit \/ pas trop bobo<\/td>\n<\/tr>\n<tr>\n<td>La maya club<\/td>\n<td>06 30 33 91 79<\/td>\n<td>Torreilles plage Blockaus<\/td>\n<td>14 km<\/td>\n<td>Paillotte&nbsp;<\/td>\n<td>Plage Torreilles<\/td>\n<td>Tr\u00e8s belle carte&nbsp;&nbsp; \/ cosy \/ musique&nbsp;<\/td>\n<td>50 \/ 80<\/td>\n<td>&nbsp;<\/td>\n<\/tr>\n<tr>\n<td>&nbsp;<\/td>\n<td>&nbsp;<\/td>\n<td>&nbsp;<\/td>\n<td>&nbsp;<\/td>\n<td>&nbsp;<\/td>\n<td>&nbsp;<\/td>\n<td>&nbsp;<\/td>\n<td>&nbsp;<\/td>\n<td>&nbsp;<\/td>\n<\/tr>\n<tr>\n<td colspan=\"2\"><strong>Raffin\u00e9<\/strong><\/td>\n<td>&nbsp;<\/td>\n<td>&nbsp;<\/td>\n<td>&nbsp;<\/td>\n<td>&nbsp;<\/td>\n<td>&nbsp;<\/td>\n<td>&nbsp;<\/td>\n<td>&nbsp;<\/td>\n<\/tr>\n<tr>\n<td>Le Sud<\/td>\n<td>04 68 34 55 71<\/td>\n<td>Perpignan remparts<\/td>\n<td>15 km<\/td>\n<td>El\u00e9gant \/ raffin\u00e9<\/td>\n<td>Paragu\u00e8re style hacienda<\/td>\n<td>Tr\u00e8s belle carte \/ excellent<\/td>\n<td>45 \/ 75<\/td>\n<td>ouvert dimanche \/ Parking priv\u00e9<\/td>\n<\/tr>\n<tr>\n<td>La passerelle<\/td>\n<td>04 68 51 30 65<\/td>\n<td>PerpignanCastillet<\/td>\n<td>15 km<\/td>\n<td>Raffin\u00e9<\/td>\n<td>Salle \u00e9l\u00e9gante<\/td>\n<td>Gastronomique<\/td>\n<td>50 \/ 90<\/td>\n<td>&nbsp;<\/td>\n<\/tr>\n<tr>\n<td>Le 17<\/td>\n<td>04 68 38 56 82<\/td>\n<td>Perpignan Cath\u00e9drale<\/td>\n<td>15 km<\/td>\n<td>El\u00e9gant<\/td>\n<td>La plus belle terrasse d&rsquo;\u00e9t\u00e9<\/td>\n<td>Bistronomique<\/td>\n<td>35 \/ 50<\/td>\n<td>&nbsp;<\/td>\n<\/tr>\n<tr>\n<td>Le Lamparo<\/td>\n<td>04 68 86 10 44<\/td>\n<td>Barcar\u00e8s&nbsp;<\/td>\n<td>12 km<\/td>\n<td>El\u00e9gant<\/td>\n<td>Belle vue sur mer<\/td>\n<td>Poissons \/ Cuisine traditionnelle au beurre<\/td>\n<td>35 \/ 65<\/td>\n<td>&nbsp;<\/td>\n<\/tr>\n<tr>\n<td>L&rsquo;Un des Sens<\/td>\n<td>07 81 43 44 53<\/td>\n<td>Torreilles<\/td>\n<td>6 km<\/td>\n<td>El\u00e9gant<\/td>\n<td>Cadre raffin\u00e9<\/td>\n<td>Cuisine m\u00e9ditarran\u00e9ene<\/td>\n<td>40 \/ 65<\/td>\n<td>Ferm\u00e9 dimanche et lundi<\/td>\n<\/tr>\n<tr>\n<td>&nbsp;<\/td>\n<td>&nbsp;<\/td>\n<td>&nbsp;<\/td>\n<td>&nbsp;<\/td>\n<td>&nbsp;<\/td>\n<td>&nbsp;<\/td>\n<td>&nbsp;<\/td>\n<td>&nbsp;<\/td>\n<td>&nbsp;<\/td>\n<\/tr>\n<tr>\n<td colspan=\"2\"><strong>Gastronomique<\/strong><\/td>\n<td>&nbsp;<\/td>\n<td>&nbsp;<\/td>\n<td>&nbsp;<\/td>\n<td>&nbsp;<\/td>\n<td>&nbsp;<\/td>\n<td>&nbsp;<\/td>\n<td>&nbsp;<\/td>\n<\/tr>\n<tr>\n<td>Le cinqui\u00e8me p\u00e9ch\u00e9<\/td>\n<td>04 68 98 09 76<\/td>\n<td>Collioure<\/td>\n<td>48 km<\/td>\n<td>D\u00e9contract\u00e9<\/td>\n<td>Toute petite salle<\/td>\n<td>Fusion \/ gastro \/ poisson<\/td>\n<td>60 \/ 100<\/td>\n<td>Toute petite salle<\/td>\n<\/tr>\n<tr>\n<td>Le Fanal<\/td>\n<td>04 68 98 65 88<\/td>\n<td>Banyuls<\/td>\n<td>55 km<\/td>\n<td>Etoil\u00e9&nbsp;<\/td>\n<td>Belle terrasse bord mer<\/td>\n<td>Gastronomique<\/td>\n<td>90 \/ 150<\/td>\n<td>Vue sur mer<\/td>\n<\/tr>\n<tr>\n<td>Garriane<\/td>\n<td>04 68 67 07 44<\/td>\n<td>Perpignan gare<\/td>\n<td>15 km<\/td>\n<td>D\u00e9contract\u00e9<\/td>\n<td>Toute petite salle<\/td>\n<td>Fusion \/ d\u00e9gustation \/ gastro<\/td>\n<td>60 \/ 100<\/td>\n<td>&nbsp;<\/td>\n<\/tr>\n<tr>\n<td>Riberach&nbsp;<\/td>\n<td>04 68 50 30 10<\/td>\n<td>Belesta<\/td>\n<td>42 km<\/td>\n<td>Chic<\/td>\n<td>Ancienne cave coop\u00e9rative<\/td>\n<td>Gastronomique et traditionnel<\/td>\n<td>70 \/ 140<\/td>\n<td>Vue imprenable<\/td>\n<\/tr>\n<tr>\n<td>&nbsp;<\/td>\n<td>&nbsp;<\/td>\n<td>&nbsp;<\/td>\n<td>&nbsp;<\/td>\n<td>&nbsp;<\/td>\n<td>&nbsp;<\/td>\n<td>&nbsp;<\/td>\n<td>&nbsp;<\/td>\n<td>&nbsp;<\/td>\n<\/tr>\n<tr>\n<td>&nbsp;<\/td>\n<td>&nbsp;<\/td>\n<td>&nbsp;<\/td>\n<td>&nbsp;<\/td>\n<td>&nbsp;<\/td>\n<td>&nbsp;<\/td>\n<td>&nbsp;<\/td>\n<td>&nbsp;<\/td>\n<td>&nbsp;<\/td>\n<\/tr>\n<tr>\n<td colspan=\"9\"><strong>Restaurants connus non test\u00e9s<\/strong><\/td>\n<\/tr>\n<tr>\n<td>Le vieux puits<\/td>\n<td>04 68 44 07 37<\/td>\n<td>Fonjoncouze<\/td>\n<td>60 km<\/td>\n<td>3 \u00e9toites<\/td>\n<td>Auberge<\/td>\n<td>Gastronomique<\/td>\n<td>300 \/ 500<\/td>\n<td>Chef Gilles Goujon<\/td>\n<\/tr>\n<tr>\n<td>Le grand Cap<\/td>\n<td>09 67 78 13 73<\/td>\n<td>Leucate<\/td>\n<td>20 km<\/td>\n<td>1 \u00e9toile<\/td>\n<td>Point de vue imprenable<\/td>\n<td>Gastronomique<\/td>\n<td>100 \/ 200<\/td>\n<td>R\u00e9server 3 semaines avant<\/td>\n<\/tr>\n<tr>\n<td>La table d&rsquo;Aym\u00e9<\/td>\n<td>04 68 34 35 77<\/td>\n<td>Rivesaltes<\/td>\n<td>10 km<\/td>\n<td>Chic<\/td>\n<td>Ancienne cave<\/td>\n<td>Bistronomique<\/td>\n<td>35 \/ 70<\/td>\n<td>Vins bio dynamie<\/td>\n<\/tr>\n<tr>\n<td>Les clos de Pauliles<\/td>\n<td>06 31 93 06 24<\/td>\n<td>Port Vendres<\/td>\n<td>50 km<\/td>\n<td>Chic<\/td>\n<td>terrasse mer<\/td>\n<td>Bistronomique<\/td>\n<td>35 \/ 70<\/td>\n<td>Vins bio dynamie<\/td>\n<\/tr>\n<tr>\n<td>L&rsquo;almandin<\/td>\n<td>04 68 21 01 02<\/td>\n<td>Saint Cyprien<\/td>\n<td>35 km<\/td>\n<td>Chic<\/td>\n<td>Terrase sur la lagune<\/td>\n<td>Gastronomique<\/td>\n<td>60 \/ 150<\/td>\n<td>Produits frais de proximit\u00e9<\/td>\n<\/tr>\n<tr>\n<td>La mar\u00e9e de Joe<\/td>\n<td>06021 78 05 74<\/td>\n<td>Canet<\/td>\n<td>15 km<\/td>\n<td>D\u00e9contract\u00e9<\/td>\n<td>Vue sur mer<\/td>\n<td>Poissons&nbsp;<\/td>\n<td>&nbsp;<\/td>\n<td>&nbsp;<\/td>\n<\/tr>\n<tr>\n<td>El Flamingo<\/td>\n<td>04 68 20 77 14<\/td>\n<td>Leucate<\/td>\n<td>20 km<\/td>\n<td>&nbsp;<\/td>\n<td>&nbsp;<\/td>\n<td>Bodega&nbsp; tapas<\/td>\n<td>&nbsp;<\/td>\n<td>&nbsp;<\/td>\n<\/tr>\n<tr>\n<td>La Vigatane<\/td>\n<td>04 68 73 16 30<\/td>\n<td>Canet<\/td>\n<td>15 km<\/td>\n<td>&nbsp;<\/td>\n<td>&nbsp;<\/td>\n<td>&nbsp;<\/td>\n<td>&nbsp;<\/td>\n<td>&nbsp;<\/td>\n<\/tr>\n<tr>\n<td>&nbsp;<\/td>\n<td>&nbsp;<\/td>\n<td>&nbsp;<\/td>\n<td>&nbsp;<\/td>\n<td>&nbsp;<\/td>\n<td>&nbsp;<\/td>\n<td>&nbsp;<\/td>\n<td>&nbsp;<\/td>\n<td>&nbsp;<\/td>\n<\/tr>\n<tr>\n<td>&nbsp;<\/td>\n<td>&nbsp;<\/td>\n<td>&nbsp;<\/td>\n<td>&nbsp;<\/td>\n<td>&nbsp;<\/td>\n<td>&nbsp;<\/td>\n<td>&nbsp;<\/td>\n<td>&nbsp;<\/td>\n<td>&nbsp;<\/td>\n<\/tr>\n<tr>\n<td>&nbsp;<\/td>\n<td>&nbsp;<\/td>\n<td>&nbsp;<\/td>\n<td>&nbsp;<\/td>\n<td>&nbsp;<\/td>\n<td>&nbsp;<\/td>\n<td>&nbsp;<\/td>\n<td>&nbsp;<\/td>\n<td>&nbsp;<\/td>\n<\/tr>\n<\/tbody>\n<\/table>\t\t\t\t\t\t<\/div>\n\t\t\t\t<\/div>\n\t\t\t\t\t<\/div>\n\t\t\t\t<\/div>\n\t\t\t\t\t\t\t<\/div>","protected":false},"excerpt":{"rendered":"<p>Restauration sur place Si vous arrivez tard et que vous pr\u00e9f\u00e9rez profiter de calme et de repos apr\u00e8s un long voyage ou une journ\u00e9e \u00ab\u00a0\u00e9puisante\u00a0\u00bb, nous pouvons vous proposer de manger sur place, \u00e0 la salle \u00e0 manger, sur la terrasse, au bord de la piscine ou devant la chemin\u00e9e &#8230;\u00a0 Il vous suffit de [&hellip;]<\/p>","protected":false},"author":1,"featured_media":0,"parent":0,"menu_order":0,"comment_status":"closed","ping_status":"closed","template":"","meta":{"footnotes":""},"class_list":["post-1067","page","type-page","status-publish","hentry"],"_links":{"self":[{"href":"https:\/\/lamaisonbachelet.com\/en\/wp-json\/wp\/v2\/pages\/1067","targetHints":{"allow":["GET"]}}],"collection":[{"href":"https:\/\/lamaisonbachelet.com\/en\/wp-json\/wp\/v2\/pages"}],"about":[{"href":"https:\/\/lamaisonbachelet.com\/en\/wp-json\/wp\/v2\/types\/page"}],"author":[{"embeddable":true,"href":"https:\/\/lamaisonbachelet.com\/en\/wp-json\/wp\/v2\/users\/1"}],"replies":[{"embeddable":true,"href":"https:\/\/lamaisonbachelet.com\/en\/wp-json\/wp\/v2\/comments?post=1067"}],"version-history":[{"count":17,"href":"https:\/\/lamaisonbachelet.com\/en\/wp-json\/wp\/v2\/pages\/1067\/revisions"}],"predecessor-version":[{"id":1161,"href":"https:\/\/lamaisonbachelet.com\/en\/wp-json\/wp\/v2\/pages\/1067\/revisions\/1161"}],"wp:attachment":[{"href":"https:\/\/lamaisonbachelet.com\/en\/wp-json\/wp\/v2\/media?parent=1067"}],"curies":[{"name":"wp","href":"https:\/\/api.w.org\/{rel}","templated":true}]}}