{"id":31,"date":"2023-10-04T09:32:44","date_gmt":"2023-10-04T09:32:44","guid":{"rendered":"https:\/\/lamaisonbachelet.com\/?page_id=31"},"modified":"2026-02-10T12:33:44","modified_gmt":"2026-02-10T11:33:44","slug":"accueil","status":"publish","type":"page","link":"https:\/\/lamaisonbachelet.com\/en\/","title":{"rendered":"A warm welcome"},"content":{"rendered":"<div data-elementor-type=\"wp-page\" data-elementor-id=\"31\" class=\"elementor elementor-31\">\n\t\t\t\t\t\t\t<div class=\"elementor-element elementor-element-6201ad7 e-flex e-con-boxed e-con e-parent\" data-id=\"6201ad7\" data-element_type=\"container\" data-settings=\"{&quot;content_width&quot;:&quot;boxed&quot;}\" data-core-v316-plus=\"true\">\n\t\t\t\t\t<div class=\"e-con-inner\">\n\t\t\t\t<div class=\"elementor-element elementor-element-fe4e7d8 elementor-widget__width-initial elementor-widget elementor-widget-text-editor\" data-id=\"fe4e7d8\" data-element_type=\"widget\" data-widget_type=\"text-editor.default\">\n\t\t\t\t<div class=\"elementor-widget-container\">\n\t\t\t<style>\/*! elementor - v3.17.0 - 08-11-2023 *\/\n.elementor-widget-text-editor.elementor-drop-cap-view-stacked .elementor-drop-cap{background-color:#69727d;color:#fff}.elementor-widget-text-editor.elementor-drop-cap-view-framed .elementor-drop-cap{color:#69727d;border:3px solid;background-color:transparent}.elementor-widget-text-editor:not(.elementor-drop-cap-view-default) .elementor-drop-cap{margin-top:8px}.elementor-widget-text-editor:not(.elementor-drop-cap-view-default) .elementor-drop-cap-letter{width:1em;height:1em}.elementor-widget-text-editor .elementor-drop-cap{float:left;text-align:center;line-height:1;font-size:50px}.elementor-widget-text-editor .elementor-drop-cap-letter{display:inline-block}<\/style>\t\t\t\t<h1>G\u00eete, guest rooms and table d'h\u00f4tes<\/h1><p>Enjoy an unforgettable, authentic experience in a dream setting!<\/p>\t\t\t\t\t\t<\/div>\n\t\t\t\t<\/div>\n\t\t\t\t\t<\/div>\n\t\t\t\t<\/div>\n\t\t<div class=\"elementor-element elementor-element-4473de5 e-flex e-con-boxed e-con e-parent\" data-id=\"4473de5\" data-element_type=\"container\" data-settings=\"{&quot;content_width&quot;:&quot;boxed&quot;}\" data-core-v316-plus=\"true\">\n\t\t\t\t\t<div class=\"e-con-inner\">\n\t\t<div class=\"elementor-element elementor-element-6541257 e-con-full e-flex e-con e-child\" data-id=\"6541257\" data-element_type=\"container\" data-settings=\"{&quot;content_width&quot;:&quot;full&quot;}\">\n\t\t\t\t<div class=\"elementor-element elementor-element-2a86c10 elementor-widget elementor-widget-text-editor\" data-id=\"2a86c10\" data-element_type=\"widget\" data-widget_type=\"text-editor.default\">\n\t\t\t\t<div class=\"elementor-widget-container\">\n\t\t\t\t\t\t\t<p style=\"text-align: center;\">In a unique setting, in the heart of the old village, come and enjoy a moment of peace and relaxation in our magnificent character mansion built in 1882.\u00a0<\/p><p style=\"text-align: center;\" class=\" translation-block\">Maison Bachelet is located in Claira , in the Pyr\u00e9n\u00e9es Orientales, in Roussillon, in the \"Absolute South\" of mainland France!<\/p><p style=\"text-align: center;\">\u00a0<\/p>\t\t\t\t\t\t<\/div>\n\t\t\t\t<\/div>\n\t\t\t\t<div class=\"elementor-element elementor-element-50a40c7 elementor-widget elementor-widget-text-editor\" data-id=\"50a40c7\" data-element_type=\"widget\" data-widget_type=\"text-editor.default\">\n\t\t\t\t<div class=\"elementor-widget-container\">\n\t\t\t\t\t\t\t<p>Whether you're on foot, motorcycle, bicycle or car, La Maison Bachelet has something for everyone: We can pick you up at the train station or airport, and your motorcycle or precious convertible can be stored in a secure garage.<\/p><p>You can stay in one of the three large guest rooms for two or three travellers,\u00a0<a href=\"https:\/\/lamaisonbachelet.com\/en\/ou-manger-1\/\" target=\"_blank\" rel=\"noopener\">dinner on site<\/a>\u00a0if you wish!<\/p>\t\t\t\t\t\t<\/div>\n\t\t\t\t<\/div>\n\t\t\t\t<div class=\"elementor-element elementor-element-98021cb elementor-align-center elementor-widget elementor-widget-button\" data-id=\"98021cb\" data-element_type=\"widget\" data-widget_type=\"button.default\">\n\t\t\t\t<div class=\"elementor-widget-container\">\n\t\t\t\t\t<div class=\"elementor-button-wrapper\">\n\t\t\t<a class=\"elementor-button elementor-button-link elementor-size-md\" href=\"https:\/\/lamaisonbachelet.com\/en\/nos-chambres-dhotes\/\">\n\t\t\t\t\t\t<span class=\"elementor-button-content-wrapper\">\n\t\t\t\t\t\t<span class=\"elementor-button-text\">Visit our bedroom<\/span>\n\t\t<\/span>\n\t\t\t\t\t<\/a>\n\t\t<\/div>\n\t\t\t\t<\/div>\n\t\t\t\t<\/div>\n\t\t\t\t<div class=\"elementor-element elementor-element-113549a elementor-widget elementor-widget-text-editor\" data-id=\"113549a\" data-element_type=\"widget\" data-widget_type=\"text-editor.default\">\n\t\t\t\t<div class=\"elementor-widget-container\">\n\t\t\t\t\t\t\t<p style=\"text-align: center;\">You can also choose to stay in a large, bright loft for four to six travelers, with its own enclosed garage (ideal for bikers, sports enthusiasts and families).<\/p><p style=\"text-align: center;\">\u00a0<\/p>\t\t\t\t\t\t<\/div>\n\t\t\t\t<\/div>\n\t\t\t\t<div class=\"elementor-element elementor-element-ebc02f7 elementor-align-center elementor-widget elementor-widget-button\" data-id=\"ebc02f7\" data-element_type=\"widget\" data-widget_type=\"button.default\">\n\t\t\t\t<div class=\"elementor-widget-container\">\n\t\t\t\t\t<div class=\"elementor-button-wrapper\">\n\t\t\t<a class=\"elementor-button elementor-button-link elementor-size-md\" href=\"https:\/\/lamaisonbachelet.com\/en\/loft\/\">\n\t\t\t\t\t\t<span class=\"elementor-button-content-wrapper\">\n\t\t\t\t\t\t<span class=\"elementor-button-text\">Visit our loft<\/span>\n\t\t<\/span>\n\t\t\t\t\t<\/a>\n\t\t<\/div>\n\t\t\t\t<\/div>\n\t\t\t\t<\/div>\n\t\t\t\t<div class=\"elementor-element elementor-element-9b55dc6 elementor-widget elementor-widget-text-editor\" data-id=\"9b55dc6\" data-element_type=\"widget\" data-widget_type=\"text-editor.default\">\n\t\t\t\t<div class=\"elementor-widget-container\">\n\t\t\t\t\t\t\t<p>Relax in the fully enclosed garden and enjoy the <a href=\"https:\/\/lamaisonbachelet.com\/en\/reglement-piscine\/\">pool<\/a> heated from May to September.<\/p><p>Strategically located just a few minutes from Perpignan, in the immediate vicinity of the European bicycle highway, the A9 freeway, the Centre du Monde train station and the airport, and just a stone's throw from Spain, it enjoys total tranquility, even at the height of the tourist season.<\/p>\t\t\t\t\t\t<\/div>\n\t\t\t\t<\/div>\n\t\t\t\t<div class=\"elementor-element elementor-element-8faaec6 elementor-align-center elementor-widget elementor-widget-button\" data-id=\"8faaec6\" data-element_type=\"widget\" data-widget_type=\"button.default\">\n\t\t\t\t<div class=\"elementor-widget-container\">\n\t\t\t\t\t<div class=\"elementor-button-wrapper\">\n\t\t\t<a class=\"elementor-button elementor-button-link elementor-size-md\" href=\"https:\/\/lamaisonbachelet.com\/en\/contact\/\">\n\t\t\t\t\t\t<span class=\"elementor-button-content-wrapper\">\n\t\t\t\t\t\t<span class=\"elementor-button-text\">Contact us<\/span>\n\t\t<\/span>\n\t\t\t\t\t<\/a>\n\t\t<\/div>\n\t\t\t\t<\/div>\n\t\t\t\t<\/div>\n\t\t\t\t<\/div>\n\t\t<div class=\"elementor-element elementor-element-44baacc e-con-full e-flex e-con e-child\" data-id=\"44baacc\" data-element_type=\"container\" data-settings=\"{&quot;content_width&quot;:&quot;full&quot;}\">\n\t\t\t\t<div class=\"elementor-element elementor-element-c9789cf elementor-widget elementor-widget-image\" data-id=\"c9789cf\" data-element_type=\"widget\" data-widget_type=\"image.default\">\n\t\t\t\t<div class=\"elementor-widget-container\">\n\t\t\t<style>\/*! elementor - v3.17.0 - 08-11-2023 *\/\n.elementor-widget-image{text-align:center}.elementor-widget-image a{display:inline-block}.elementor-widget-image a img[src$=\".svg\"]{width:48px}.elementor-widget-image img{vertical-align:middle;display:inline-block}<\/style>\t\t\t\t\t\t\t\t\t\t\t\t<img loading=\"lazy\" decoding=\"async\" width=\"768\" height=\"1024\" src=\"https:\/\/lamaisonbachelet.com\/wp-content\/uploads\/2023\/09\/Acces-maison-2-768x1024.jpg\" class=\"attachment-large size-large wp-image-9\" alt=\"\" srcset=\"https:\/\/lamaisonbachelet.com\/wp-content\/uploads\/2023\/09\/Acces-maison-2-768x1024.jpg 768w, https:\/\/lamaisonbachelet.com\/wp-content\/uploads\/2023\/09\/Acces-maison-2-225x300.jpg 225w, https:\/\/lamaisonbachelet.com\/wp-content\/uploads\/2023\/09\/Acces-maison-2-1152x1536.jpg 1152w, https:\/\/lamaisonbachelet.com\/wp-content\/uploads\/2023\/09\/Acces-maison-2-1536x2048.jpg 1536w, https:\/\/lamaisonbachelet.com\/wp-content\/uploads\/2023\/09\/Acces-maison-2-scaled.jpg 1920w\" sizes=\"auto, (max-width: 768px) 100vw, 768px\" \/>\t\t\t\t\t\t\t\t\t\t\t\t\t\t\t<\/div>\n\t\t\t\t<\/div>\n\t\t\t\t<\/div>\n\t\t\t\t\t<\/div>\n\t\t\t\t<\/div>\n\t\t<div class=\"elementor-element elementor-element-ba4d0af e-flex e-con-boxed e-con e-parent\" data-id=\"ba4d0af\" data-element_type=\"container\" data-settings=\"{&quot;content_width&quot;:&quot;boxed&quot;}\" data-core-v316-plus=\"true\">\n\t\t\t\t\t<div class=\"e-con-inner\">\n\t\t\t\t<div class=\"elementor-element elementor-element-62931c5 elementor-arrows-position-inside elementor-widget elementor-widget-image-carousel\" data-id=\"62931c5\" data-element_type=\"widget\" data-settings=\"{&quot;slides_to_show&quot;:&quot;2&quot;,&quot;pause_on_hover&quot;:&quot;no&quot;,&quot;pause_on_interaction&quot;:&quot;no&quot;,&quot;autoplay_speed&quot;:1000,&quot;navigation&quot;:&quot;arrows&quot;,&quot;autoplay&quot;:&quot;yes&quot;,&quot;infinite&quot;:&quot;yes&quot;,&quot;speed&quot;:500}\" data-widget_type=\"image-carousel.default\">\n\t\t\t\t<div class=\"elementor-widget-container\">\n\t\t\t<style>\/*! elementor - v3.17.0 - 08-11-2023 *\/\n.elementor-widget-image-carousel .swiper,.elementor-widget-image-carousel .swiper-container{position:static}.elementor-widget-image-carousel .swiper-container .swiper-slide figure,.elementor-widget-image-carousel .swiper .swiper-slide figure{line-height:inherit}.elementor-widget-image-carousel .swiper-slide{text-align:center}.elementor-image-carousel-wrapper:not(.swiper-container-initialized):not(.swiper-initialized) .swiper-slide{max-width:calc(100% \/ var(--e-image-carousel-slides-to-show, 3))}<\/style>\t\t<div class=\"elementor-image-carousel-wrapper swiper\" dir=\"ltr\">\n\t\t\t<div class=\"elementor-image-carousel swiper-wrapper\" aria-live=\"off\">\n\t\t\t\t\t\t\t\t<div class=\"swiper-slide\" role=\"group\" aria-roledescription=\"slide\" aria-label=\"1 of 13\"><figure class=\"swiper-slide-inner\"><img decoding=\"async\" class=\"swiper-slide-image\" src=\"https:\/\/lamaisonbachelet.com\/wp-content\/uploads\/2023\/10\/Maison-en-aout-22-1-225x300.jpg\" alt=\"Maison et piscine\" \/><figcaption class=\"elementor-image-carousel-caption\">Home and swimming pool<\/figcaption><\/figure><\/div><div class=\"swiper-slide\" role=\"group\" aria-roledescription=\"slide\" aria-label=\"2 of 13\"><figure class=\"swiper-slide-inner\"><img decoding=\"async\" class=\"swiper-slide-image\" src=\"https:\/\/lamaisonbachelet.com\/wp-content\/uploads\/2023\/10\/Piscine-miroir-225x300.jpg\" alt=\"Piscine\" \/><figcaption class=\"elementor-image-carousel-caption\">Swimming pool<\/figcaption><\/figure><\/div><div class=\"swiper-slide\" role=\"group\" aria-roledescription=\"slide\" aria-label=\"3 of 13\"><figure class=\"swiper-slide-inner\"><img decoding=\"async\" class=\"swiper-slide-image\" src=\"https:\/\/lamaisonbachelet.com\/wp-content\/uploads\/2023\/10\/Maison-vue-bois-Mai-2023-300x225.jpg\" alt=\"Jardin\" \/><figcaption class=\"elementor-image-carousel-caption\">Garden<\/figcaption><\/figure><\/div><div class=\"swiper-slide\" role=\"group\" aria-roledescription=\"slide\" aria-label=\"4 of 13\"><figure class=\"swiper-slide-inner\"><img decoding=\"async\" class=\"swiper-slide-image\" src=\"https:\/\/lamaisonbachelet.com\/wp-content\/uploads\/2023\/10\/Maison-vue-Jaccuzi-Mai-2023-300x225.jpg\" alt=\"Jardin et jaccuzi\" \/><figcaption class=\"elementor-image-carousel-caption\">Garden and jaccuzi<\/figcaption><\/figure><\/div><div class=\"swiper-slide\" role=\"group\" aria-roledescription=\"slide\" aria-label=\"5 of 13\"><figure class=\"swiper-slide-inner\"><img decoding=\"async\" class=\"swiper-slide-image\" src=\"https:\/\/lamaisonbachelet.com\/wp-content\/uploads\/2023\/10\/Maison-vue-portillon-Mai-2023-300x225.jpg\" alt=\"Maison\" \/><figcaption class=\"elementor-image-carousel-caption\">Home<\/figcaption><\/figure><\/div><div class=\"swiper-slide\" role=\"group\" aria-roledescription=\"slide\" aria-label=\"6 of 13\"><figure class=\"swiper-slide-inner\"><img decoding=\"async\" class=\"swiper-slide-image\" src=\"https:\/\/lamaisonbachelet.com\/wp-content\/uploads\/2023\/10\/Terrasse-vue-lingerie-Mai-2023-300x225.jpg\" alt=\"Terrasse\" \/><figcaption class=\"elementor-image-carousel-caption\">Terrace<\/figcaption><\/figure><\/div><div class=\"swiper-slide\" role=\"group\" aria-roledescription=\"slide\" aria-label=\"7 of 13\"><figure class=\"swiper-slide-inner\"><img decoding=\"async\" class=\"swiper-slide-image\" src=\"https:\/\/lamaisonbachelet.com\/wp-content\/uploads\/2023\/10\/Voile-ombrage-rouille-300x169.jpg\" alt=\"Coin d\u00e9jeuner ext\u00e9rieur\" \/><figcaption class=\"elementor-image-carousel-caption\">Outdoor breakfast area<\/figcaption><\/figure><\/div><div class=\"swiper-slide\" role=\"group\" aria-roledescription=\"slide\" aria-label=\"8 of 13\"><figure class=\"swiper-slide-inner\"><img decoding=\"async\" class=\"swiper-slide-image\" src=\"https:\/\/lamaisonbachelet.com\/wp-content\/uploads\/2023\/10\/Entree-300x225.jpg\" alt=\"Couloir d&#039;entr\u00e9e\" \/><figcaption class=\"elementor-image-carousel-caption\">Entrance hall<\/figcaption><\/figure><\/div><div class=\"swiper-slide\" role=\"group\" aria-roledescription=\"slide\" aria-label=\"9 of 13\"><figure class=\"swiper-slide-inner\"><img decoding=\"async\" class=\"swiper-slide-image\" src=\"https:\/\/lamaisonbachelet.com\/wp-content\/uploads\/2023\/10\/Escalier-225x300.jpg\" alt=\"Escalier menant aux chambres\" \/><figcaption class=\"elementor-image-carousel-caption\">Stairs to bedrooms<\/figcaption><\/figure><\/div><div class=\"swiper-slide\" role=\"group\" aria-roledescription=\"slide\" aria-label=\"10 of 13\"><figure class=\"swiper-slide-inner\"><img decoding=\"async\" class=\"swiper-slide-image\" src=\"https:\/\/lamaisonbachelet.com\/wp-content\/uploads\/2023\/10\/salon-bibliotheque-1-225x300.jpg\" alt=\"salon coin billard\" \/><figcaption class=\"elementor-image-carousel-caption\">Living room with the pool<\/figcaption><\/figure><\/div><div class=\"swiper-slide\" role=\"group\" aria-roledescription=\"slide\" aria-label=\"11 of 13\"><figure class=\"swiper-slide-inner\"><img decoding=\"async\" class=\"swiper-slide-image\" src=\"https:\/\/lamaisonbachelet.com\/wp-content\/uploads\/2023\/10\/salon-billard-2-225x300.jpg\" alt=\"Billard\" \/><figcaption class=\"elementor-image-carousel-caption\">Pool<\/figcaption><\/figure><\/div><div class=\"swiper-slide\" role=\"group\" aria-roledescription=\"slide\" aria-label=\"12 of 13\"><figure class=\"swiper-slide-inner\"><img decoding=\"async\" class=\"swiper-slide-image\" src=\"https:\/\/lamaisonbachelet.com\/wp-content\/uploads\/2023\/10\/Salon-300x225.jpg\" alt=\"Salon coin chemin\u00e9e\" \/><figcaption class=\"elementor-image-carousel-caption\">Living room with fireplace<\/figcaption><\/figure><\/div><div class=\"swiper-slide\" role=\"group\" aria-roledescription=\"slide\" aria-label=\"13 of 13\"><figure class=\"swiper-slide-inner\"><img decoding=\"async\" class=\"swiper-slide-image\" src=\"https:\/\/lamaisonbachelet.com\/wp-content\/uploads\/2023\/10\/Cuisine-300x225.jpg\" alt=\"Cuisine\" \/><figcaption class=\"elementor-image-carousel-caption\">Kitchen<\/figcaption><\/figure><\/div>\t\t\t<\/div>\n\t\t\t\t\t\t\t\t\t\t\t\t<div class=\"elementor-swiper-button elementor-swiper-button-prev\" role=\"button\" tabindex=\"0\">\n\t\t\t\t\t\t<i aria-hidden=\"true\" class=\"eicon-chevron-left\"><\/i>\t\t\t\t\t<\/div>\n\t\t\t\t\t<div class=\"elementor-swiper-button elementor-swiper-button-next\" role=\"button\" tabindex=\"0\">\n\t\t\t\t\t\t<i aria-hidden=\"true\" class=\"eicon-chevron-right\"><\/i>\t\t\t\t\t<\/div>\n\t\t\t\t\n\t\t\t\t\t\t\t\t\t<\/div>\n\t\t\t\t<\/div>\n\t\t\t\t<\/div>\n\t\t\t\t\t<\/div>\n\t\t\t\t<\/div>\n\t\t<div class=\"elementor-element elementor-element-08b0496 e-flex e-con-boxed e-con e-parent\" data-id=\"08b0496\" data-element_type=\"container\" data-settings=\"{&quot;content_width&quot;:&quot;boxed&quot;}\" data-core-v316-plus=\"true\">\n\t\t\t\t\t<div class=\"e-con-inner\">\n\t\t\t\t<div class=\"elementor-element elementor-element-c75ef4c elementor-widget elementor-widget-text-editor\" data-id=\"c75ef4c\" data-element_type=\"widget\" data-widget_type=\"text-editor.default\">\n\t\t\t\t<div class=\"elementor-widget-container\">\n\t\t\t\t\t\t\t<h1>We're looking forward to welcoming you !<\/h1>\t\t\t\t\t\t<\/div>\n\t\t\t\t<\/div>\n\t\t\t\t\t<\/div>\n\t\t\t\t<\/div>\n\t\t<div class=\"elementor-element elementor-element-dcef7c1 e-flex e-con-boxed e-con e-parent\" data-id=\"dcef7c1\" data-element_type=\"container\" data-settings=\"{&quot;content_width&quot;:&quot;boxed&quot;}\" data-core-v316-plus=\"true\">\n\t\t\t\t\t<div class=\"e-con-inner\">\n\t\t<div class=\"elementor-element elementor-element-2f787fd e-con-full e-flex e-con e-child\" data-id=\"2f787fd\" data-element_type=\"container\" data-settings=\"{&quot;content_width&quot;:&quot;full&quot;}\">\n\t\t\t\t<div class=\"elementor-element elementor-element-8ba732b elementor-widget elementor-widget-image\" data-id=\"8ba732b\" data-element_type=\"widget\" data-widget_type=\"image.default\">\n\t\t\t\t<div class=\"elementor-widget-container\">\n\t\t\t\t\t\t\t\t\t\t\t\t\t\t\t<img loading=\"lazy\" decoding=\"async\" width=\"800\" height=\"600\" src=\"https:\/\/lamaisonbachelet.com\/wp-content\/uploads\/2023\/10\/2061-1024x768.jpg\" class=\"attachment-large size-large wp-image-86\" alt=\"\" srcset=\"https:\/\/lamaisonbachelet.com\/wp-content\/uploads\/2023\/10\/2061-1024x768.jpg 1024w, https:\/\/lamaisonbachelet.com\/wp-content\/uploads\/2023\/10\/2061-300x225.jpg 300w, https:\/\/lamaisonbachelet.com\/wp-content\/uploads\/2023\/10\/2061-768x576.jpg 768w, https:\/\/lamaisonbachelet.com\/wp-content\/uploads\/2023\/10\/2061-1536x1152.jpg 1536w, https:\/\/lamaisonbachelet.com\/wp-content\/uploads\/2023\/10\/2061-2048x1536.jpg 2048w\" sizes=\"auto, (max-width: 800px) 100vw, 800px\" \/>\t\t\t\t\t\t\t\t\t\t\t\t\t\t\t<\/div>\n\t\t\t\t<\/div>\n\t\t\t\t<\/div>\n\t\t<div class=\"elementor-element elementor-element-262413a e-con-full e-flex e-con e-child\" data-id=\"262413a\" data-element_type=\"container\" data-settings=\"{&quot;content_width&quot;:&quot;full&quot;}\">\n\t\t\t\t<div class=\"elementor-element elementor-element-e820d2f elementor-widget elementor-widget-text-editor\" data-id=\"e820d2f\" data-element_type=\"widget\" data-widget_type=\"text-editor.default\">\n\t\t\t\t<div class=\"elementor-widget-container\">\n\t\t\t\t\t\t\t<p>Agn\u00e8s, hostess and cook unrivaled , and Jean-Fran\u00e7ois, handyman and inveterate biker, make hospitality and conviviality their cardinal virtues.<\/p><p>They will be delighted to share and exchange with you. They will be delighted to let you enjoy their beautiful home, to discuss Agn\u00e8s' secret recipes by the fire, on the terrace or by the pool, and to tell you about their experiences and their many adventures.<\/p><p>They will be happy to tell you about the wonders of their region <a href=\"https:\/\/lamaisonbachelet.com\/en\/tourisme\/\">places to visit<\/a> and activities. They can recommend <a href=\"https:\/\/lamaisonbachelet.com\/en\/se-restaurer-sur-place-ou-dans-les-environs\/\">restaurants<\/a> that they have tested themselves and will offer you<a href=\"https:\/\/lamaisonbachelet.com\/en\/se-restaurer-sur-place-ou-dans-les-environs\/\"> eat on site<\/a> if you are arriving late and wish to relax.<\/p>\t\t\t\t\t\t<\/div>\n\t\t\t\t<\/div>\n\t\t\t\t<\/div>\n\t\t\t\t\t<\/div>\n\t\t\t\t<\/div>\n\t\t\t\t\t\t\t<\/div>","protected":false},"excerpt":{"rendered":"<p>G\u00eete, chambres d&rsquo;h\u00f4tes et table d&rsquo;h\u00f4tes Vivez une exp\u00e9rience inoubliable et authentique dans un cadre de r\u00eave ! Dans un lieu unique, au c\u0153ur du vieux village, venez profiter d&rsquo;un moment de calme et de d\u00e9tente dans notre magnifique maison de ma\u00eetre de caract\u00e8re b\u00e2tie en 1882.\u00a0 La Maison Bachelet est situ\u00e9e \u00e0 Claira , [&hellip;]<\/p>","protected":false},"author":1,"featured_media":0,"parent":0,"menu_order":0,"comment_status":"closed","ping_status":"closed","template":"","meta":{"footnotes":""},"class_list":["post-31","page","type-page","status-publish","hentry"],"_links":{"self":[{"href":"https:\/\/lamaisonbachelet.com\/en\/wp-json\/wp\/v2\/pages\/31","targetHints":{"allow":["GET"]}}],"collection":[{"href":"https:\/\/lamaisonbachelet.com\/en\/wp-json\/wp\/v2\/pages"}],"about":[{"href":"https:\/\/lamaisonbachelet.com\/en\/wp-json\/wp\/v2\/types\/page"}],"author":[{"embeddable":true,"href":"https:\/\/lamaisonbachelet.com\/en\/wp-json\/wp\/v2\/users\/1"}],"replies":[{"embeddable":true,"href":"https:\/\/lamaisonbachelet.com\/en\/wp-json\/wp\/v2\/comments?post=31"}],"version-history":[{"count":199,"href":"https:\/\/lamaisonbachelet.com\/en\/wp-json\/wp\/v2\/pages\/31\/revisions"}],"predecessor-version":[{"id":1188,"href":"https:\/\/lamaisonbachelet.com\/en\/wp-json\/wp\/v2\/pages\/31\/revisions\/1188"}],"wp:attachment":[{"href":"https:\/\/lamaisonbachelet.com\/en\/wp-json\/wp\/v2\/media?parent=31"}],"curies":[{"name":"wp","href":"https:\/\/api.w.org\/{rel}","templated":true}]}}