{"id":319,"date":"2023-11-09T10:27:22","date_gmt":"2023-11-09T10:27:22","guid":{"rendered":"https:\/\/lamaisonbachelet.com\/?page_id=319"},"modified":"2023-11-16T10:45:14","modified_gmt":"2023-11-16T10:45:14","slug":"nos-chambres-dhotes","status":"publish","type":"page","link":"https:\/\/lamaisonbachelet.com\/en\/nos-chambres-dhotes","title":{"rendered":"Our accommodations"},"content":{"rendered":"<div data-elementor-type=\"wp-page\" data-elementor-id=\"319\" class=\"elementor elementor-319\">\n\t\t\t\t\t\t\t<div class=\"elementor-element elementor-element-e93d7c9 e-flex e-con-boxed e-con e-parent\" data-id=\"e93d7c9\" data-element_type=\"container\" data-settings=\"{&quot;content_width&quot;:&quot;boxed&quot;}\" data-core-v316-plus=\"true\">\n\t\t\t\t\t<div class=\"e-con-inner\">\n\t\t<div class=\"elementor-element elementor-element-e64d30b e-con-full e-flex e-con e-child\" data-id=\"e64d30b\" data-element_type=\"container\" data-settings=\"{&quot;content_width&quot;:&quot;full&quot;}\">\n\t\t\t\t<div class=\"elementor-element elementor-element-dcfdd4c elementor-widget elementor-widget-image\" data-id=\"dcfdd4c\" data-element_type=\"widget\" data-widget_type=\"image.default\">\n\t\t\t\t<div class=\"elementor-widget-container\">\n\t\t\t<style>\/*! elementor - v3.17.0 - 08-11-2023 *\/\n.elementor-widget-image{text-align:center}.elementor-widget-image a{display:inline-block}.elementor-widget-image a img[src$=\".svg\"]{width:48px}.elementor-widget-image img{vertical-align:middle;display:inline-block}<\/style>\t\t\t\t\t\t\t\t\t\t\t\t\t<a href=\"https:\/\/lamaisonbachelet.com\/en\/chambre-les-poissons\/\">\n\t\t\t\t\t\t\t<img loading=\"lazy\" decoding=\"async\" width=\"800\" height=\"601\" src=\"https:\/\/lamaisonbachelet.com\/wp-content\/uploads\/2023\/10\/Chambre-Poissons-4-1024x769.jpg\" class=\"attachment-large size-large wp-image-177\" alt=\"\" srcset=\"https:\/\/lamaisonbachelet.com\/wp-content\/uploads\/2023\/10\/Chambre-Poissons-4-1024x769.jpg 1024w, https:\/\/lamaisonbachelet.com\/wp-content\/uploads\/2023\/10\/Chambre-Poissons-4-300x225.jpg 300w, https:\/\/lamaisonbachelet.com\/wp-content\/uploads\/2023\/10\/Chambre-Poissons-4-768x577.jpg 768w, https:\/\/lamaisonbachelet.com\/wp-content\/uploads\/2023\/10\/Chambre-Poissons-4-1536x1154.jpg 1536w, https:\/\/lamaisonbachelet.com\/wp-content\/uploads\/2023\/10\/Chambre-Poissons-4-2048x1538.jpg 2048w\" sizes=\"auto, (max-width: 800px) 100vw, 800px\" \/>\t\t\t\t\t\t\t\t<\/a>\n\t\t\t\t\t\t\t\t\t\t\t\t\t\t\t<\/div>\n\t\t\t\t<\/div>\n\t\t\t\t<\/div>\n\t\t<div class=\"elementor-element elementor-element-5b0524a e-con-full e-flex e-con e-child\" data-id=\"5b0524a\" data-element_type=\"container\" data-settings=\"{&quot;content_width&quot;:&quot;full&quot;}\">\n\t\t\t\t<div class=\"elementor-element elementor-element-733ab6e elementor-widget elementor-widget-heading\" data-id=\"733ab6e\" data-element_type=\"widget\" data-widget_type=\"heading.default\">\n\t\t\t\t<div class=\"elementor-widget-container\">\n\t\t\t<style>\/*! elementor - v3.17.0 - 08-11-2023 *\/\n.elementor-heading-title{padding:0;margin:0;line-height:1}.elementor-widget-heading .elementor-heading-title[class*=elementor-size-]>a{color:inherit;font-size:inherit;line-height:inherit}.elementor-widget-heading .elementor-heading-title.elementor-size-small{font-size:15px}.elementor-widget-heading .elementor-heading-title.elementor-size-medium{font-size:19px}.elementor-widget-heading .elementor-heading-title.elementor-size-large{font-size:29px}.elementor-widget-heading .elementor-heading-title.elementor-size-xl{font-size:39px}.elementor-widget-heading .elementor-heading-title.elementor-size-xxl{font-size:59px}<\/style><h2 class=\"elementor-heading-title elementor-size-default\"><a href=\"https:\/\/lamaisonbachelet.com\/en\/chambre-les-poissons\/\">The \"Fish\" bedroom<\/a><\/h2>\t\t<\/div>\n\t\t\t\t<\/div>\n\t\t\t\t<div class=\"elementor-element elementor-element-ce55708 elementor-widget elementor-widget-text-editor\" data-id=\"ce55708\" data-element_type=\"widget\" data-widget_type=\"text-editor.default\">\n\t\t\t\t<div class=\"elementor-widget-container\">\n\t\t\t<style>\/*! elementor - v3.17.0 - 08-11-2023 *\/\n.elementor-widget-text-editor.elementor-drop-cap-view-stacked .elementor-drop-cap{background-color:#69727d;color:#fff}.elementor-widget-text-editor.elementor-drop-cap-view-framed .elementor-drop-cap{color:#69727d;border:3px solid;background-color:transparent}.elementor-widget-text-editor:not(.elementor-drop-cap-view-default) .elementor-drop-cap{margin-top:8px}.elementor-widget-text-editor:not(.elementor-drop-cap-view-default) .elementor-drop-cap-letter{width:1em;height:1em}.elementor-widget-text-editor .elementor-drop-cap{float:left;text-align:center;line-height:1;font-size:50px}.elementor-widget-text-editor .elementor-drop-cap-letter{display:inline-block}<\/style>\t\t\t\t<p>The motifs that decorate it inspired the name of this room overlooking the pool.\u00a0<\/p><p>For two people, it has a 180 x 200 bed and its own bathroom and toilet.\u00a0<\/p>\t\t\t\t\t\t<\/div>\n\t\t\t\t<\/div>\n\t\t\t\t<div class=\"elementor-element elementor-element-17e361a elementor-align-center elementor-widget elementor-widget-button\" data-id=\"17e361a\" data-element_type=\"widget\" data-widget_type=\"button.default\">\n\t\t\t\t<div class=\"elementor-widget-container\">\n\t\t\t\t\t<div class=\"elementor-button-wrapper\">\n\t\t\t<a class=\"elementor-button elementor-button-link elementor-size-md\" href=\"https:\/\/lamaisonbachelet.com\/en\/chambre-les-poissons\/\">\n\t\t\t\t\t\t<span class=\"elementor-button-content-wrapper\">\n\t\t\t\t\t\t<span class=\"elementor-button-text\">Explore the room<\/span>\n\t\t<\/span>\n\t\t\t\t\t<\/a>\n\t\t<\/div>\n\t\t\t\t<\/div>\n\t\t\t\t<\/div>\n\t\t\t\t<\/div>\n\t\t\t\t\t<\/div>\n\t\t\t\t<\/div>\n\t\t<div class=\"elementor-element elementor-element-0e057ed e-flex e-con-boxed e-con e-parent\" data-id=\"0e057ed\" data-element_type=\"container\" data-settings=\"{&quot;content_width&quot;:&quot;boxed&quot;}\" data-core-v316-plus=\"true\">\n\t\t\t\t\t<div class=\"e-con-inner\">\n\t\t<div class=\"elementor-element elementor-element-7be39b0 e-con-full e-flex e-con e-child\" data-id=\"7be39b0\" data-element_type=\"container\" data-settings=\"{&quot;content_width&quot;:&quot;full&quot;}\">\n\t\t\t\t<div class=\"elementor-element elementor-element-60db322 elementor-widget elementor-widget-image\" data-id=\"60db322\" data-element_type=\"widget\" data-widget_type=\"image.default\">\n\t\t\t\t<div class=\"elementor-widget-container\">\n\t\t\t\t\t\t\t\t\t\t\t\t\t\t\t\t<a href=\"https:\/\/lamaisonbachelet.com\/en\/epoque\/\">\n\t\t\t\t\t\t\t<img loading=\"lazy\" decoding=\"async\" width=\"225\" height=\"300\" src=\"https:\/\/lamaisonbachelet.com\/wp-content\/uploads\/2023\/10\/Chambre-Epoque-5-225x300.jpg\" class=\"attachment-medium size-medium wp-image-166\" alt=\"\" srcset=\"https:\/\/lamaisonbachelet.com\/wp-content\/uploads\/2023\/10\/Chambre-Epoque-5-225x300.jpg 225w, https:\/\/lamaisonbachelet.com\/wp-content\/uploads\/2023\/10\/Chambre-Epoque-5-768x1024.jpg 768w, https:\/\/lamaisonbachelet.com\/wp-content\/uploads\/2023\/10\/Chambre-Epoque-5-1152x1536.jpg 1152w, https:\/\/lamaisonbachelet.com\/wp-content\/uploads\/2023\/10\/Chambre-Epoque-5-1536x2048.jpg 1536w, https:\/\/lamaisonbachelet.com\/wp-content\/uploads\/2023\/10\/Chambre-Epoque-5-scaled.jpg 1920w\" sizes=\"auto, (max-width: 225px) 100vw, 225px\" \/>\t\t\t\t\t\t\t\t<\/a>\n\t\t\t\t\t\t\t\t\t\t\t\t\t\t\t<\/div>\n\t\t\t\t<\/div>\n\t\t\t\t<\/div>\n\t\t<div class=\"elementor-element elementor-element-237ab87 e-con-full e-flex e-con e-child\" data-id=\"237ab87\" data-element_type=\"container\" data-settings=\"{&quot;content_width&quot;:&quot;full&quot;}\">\n\t\t\t\t<div class=\"elementor-element elementor-element-b9926df elementor-widget elementor-widget-heading\" data-id=\"b9926df\" data-element_type=\"widget\" data-widget_type=\"heading.default\">\n\t\t\t\t<div class=\"elementor-widget-container\">\n\t\t\t<h2 class=\"elementor-heading-title elementor-size-default\"><a href=\"https:\/\/lamaisonbachelet.com\/en\/epoque\/\">The \"Epoque\" bedroom<\/a><\/h2>\t\t<\/div>\n\t\t\t\t<\/div>\n\t\t\t\t<div class=\"elementor-element elementor-element-a3db787 elementor-widget elementor-widget-text-editor\" data-id=\"a3db787\" data-element_type=\"widget\" data-widget_type=\"text-editor.default\">\n\t\t\t\t<div class=\"elementor-widget-container\">\n\t\t\t\t\t\t\t<p>The ancient graffiti on the walls inspired the name of this garden-view room,\u00a0<\/p><p>For two or three people, it is equipped with a 160 x 200 bed and an 80 x 200 bed, and has its own bathroom and toilet.\u00a0<\/p>\t\t\t\t\t\t<\/div>\n\t\t\t\t<\/div>\n\t\t\t\t<div class=\"elementor-element elementor-element-ffe0caf elementor-align-center elementor-widget elementor-widget-button\" data-id=\"ffe0caf\" data-element_type=\"widget\" data-widget_type=\"button.default\">\n\t\t\t\t<div class=\"elementor-widget-container\">\n\t\t\t\t\t<div class=\"elementor-button-wrapper\">\n\t\t\t<a class=\"elementor-button elementor-button-link elementor-size-md\" href=\"https:\/\/lamaisonbachelet.com\/en\/epoque\/\">\n\t\t\t\t\t\t<span class=\"elementor-button-content-wrapper\">\n\t\t\t\t\t\t<span class=\"elementor-button-text\">Explore the room<\/span>\n\t\t<\/span>\n\t\t\t\t\t<\/a>\n\t\t<\/div>\n\t\t\t\t<\/div>\n\t\t\t\t<\/div>\n\t\t\t\t<\/div>\n\t\t\t\t\t<\/div>\n\t\t\t\t<\/div>\n\t\t<div class=\"elementor-element elementor-element-6e79906 e-flex e-con-boxed e-con e-parent\" data-id=\"6e79906\" data-element_type=\"container\" data-settings=\"{&quot;content_width&quot;:&quot;boxed&quot;}\" data-core-v316-plus=\"true\">\n\t\t\t\t\t<div class=\"e-con-inner\">\n\t\t<div class=\"elementor-element elementor-element-1345270 e-con-full e-flex e-con e-child\" data-id=\"1345270\" data-element_type=\"container\" data-settings=\"{&quot;content_width&quot;:&quot;full&quot;}\">\n\t\t\t\t<div class=\"elementor-element elementor-element-4103aa7 elementor-widget elementor-widget-image\" data-id=\"4103aa7\" data-element_type=\"widget\" data-widget_type=\"image.default\">\n\t\t\t\t<div class=\"elementor-widget-container\">\n\t\t\t\t\t\t\t\t\t\t\t\t\t\t\t\t<a href=\"https:\/\/lamaisonbachelet.com\/en\/les-singes\/\">\n\t\t\t\t\t\t\t<img loading=\"lazy\" decoding=\"async\" width=\"800\" height=\"601\" src=\"https:\/\/lamaisonbachelet.com\/wp-content\/uploads\/2023\/10\/Chambre-singes-2-1024x769.jpg\" class=\"attachment-large size-large wp-image-171\" alt=\"\" srcset=\"https:\/\/lamaisonbachelet.com\/wp-content\/uploads\/2023\/10\/Chambre-singes-2-1024x769.jpg 1024w, https:\/\/lamaisonbachelet.com\/wp-content\/uploads\/2023\/10\/Chambre-singes-2-300x225.jpg 300w, https:\/\/lamaisonbachelet.com\/wp-content\/uploads\/2023\/10\/Chambre-singes-2-768x577.jpg 768w, https:\/\/lamaisonbachelet.com\/wp-content\/uploads\/2023\/10\/Chambre-singes-2-1536x1154.jpg 1536w, https:\/\/lamaisonbachelet.com\/wp-content\/uploads\/2023\/10\/Chambre-singes-2-2048x1538.jpg 2048w\" sizes=\"auto, (max-width: 800px) 100vw, 800px\" \/>\t\t\t\t\t\t\t\t<\/a>\n\t\t\t\t\t\t\t\t\t\t\t\t\t\t\t<\/div>\n\t\t\t\t<\/div>\n\t\t\t\t<\/div>\n\t\t<div class=\"elementor-element elementor-element-f7602d4 e-con-full e-flex e-con e-child\" data-id=\"f7602d4\" data-element_type=\"container\" data-settings=\"{&quot;content_width&quot;:&quot;full&quot;}\">\n\t\t\t\t<div class=\"elementor-element elementor-element-fb3d7c9 elementor-widget elementor-widget-heading\" data-id=\"fb3d7c9\" data-element_type=\"widget\" data-widget_type=\"heading.default\">\n\t\t\t\t<div class=\"elementor-widget-container\">\n\t\t\t<h2 class=\"elementor-heading-title elementor-size-default\"><a href=\"https:\/\/lamaisonbachelet.com\/en\/les-singes\/\">The Monkey Room <\/a><\/h2>\t\t<\/div>\n\t\t\t\t<\/div>\n\t\t\t\t<div class=\"elementor-element elementor-element-e2c661d elementor-widget elementor-widget-text-editor\" data-id=\"e2c661d\" data-element_type=\"widget\" data-widget_type=\"text-editor.default\">\n\t\t\t\t<div class=\"elementor-widget-container\">\n\t\t\t\t\t\t\t<p>The motifs that decorate it inspired the name of this room overlooking our century-old orange tree,\u00a0<\/p><p>For two people, it has a 160 x 200 bed and its own bathroom and toilet.\u00a0<\/p>\t\t\t\t\t\t<\/div>\n\t\t\t\t<\/div>\n\t\t\t\t<div class=\"elementor-element elementor-element-2625b8f elementor-align-center elementor-widget elementor-widget-button\" data-id=\"2625b8f\" data-element_type=\"widget\" data-widget_type=\"button.default\">\n\t\t\t\t<div class=\"elementor-widget-container\">\n\t\t\t\t\t<div class=\"elementor-button-wrapper\">\n\t\t\t<a class=\"elementor-button elementor-button-link elementor-size-md\" href=\"https:\/\/lamaisonbachelet.com\/en\/les-singes\/\">\n\t\t\t\t\t\t<span class=\"elementor-button-content-wrapper\">\n\t\t\t\t\t\t<span class=\"elementor-button-text\">Explore the room<\/span>\n\t\t<\/span>\n\t\t\t\t\t<\/a>\n\t\t<\/div>\n\t\t\t\t<\/div>\n\t\t\t\t<\/div>\n\t\t\t\t<\/div>\n\t\t\t\t\t<\/div>\n\t\t\t\t<\/div>\n\t\t<div class=\"elementor-element elementor-element-f5c0569 e-flex e-con-boxed e-con e-parent\" data-id=\"f5c0569\" data-element_type=\"container\" data-settings=\"{&quot;content_width&quot;:&quot;boxed&quot;}\" data-core-v316-plus=\"true\">\n\t\t\t\t\t<div class=\"e-con-inner\">\n\t\t<div class=\"elementor-element elementor-element-94bac44 e-con-full e-flex e-con e-child\" data-id=\"94bac44\" data-element_type=\"container\" data-settings=\"{&quot;content_width&quot;:&quot;full&quot;}\">\n\t\t\t\t<div class=\"elementor-element elementor-element-d66aad6 elementor-widget elementor-widget-image\" data-id=\"d66aad6\" data-element_type=\"widget\" data-widget_type=\"image.default\">\n\t\t\t\t<div class=\"elementor-widget-container\">\n\t\t\t\t\t\t\t\t\t\t\t\t\t\t\t\t<a href=\"https:\/\/lamaisonbachelet.com\/en\/loft\/\">\n\t\t\t\t\t\t\t<img loading=\"lazy\" decoding=\"async\" width=\"576\" height=\"768\" src=\"https:\/\/lamaisonbachelet.com\/wp-content\/uploads\/2023\/10\/IMG-3708-1.jpg\" class=\"attachment-large size-large wp-image-409\" alt=\"\" srcset=\"https:\/\/lamaisonbachelet.com\/wp-content\/uploads\/2023\/10\/IMG-3708-1.jpg 576w, https:\/\/lamaisonbachelet.com\/wp-content\/uploads\/2023\/10\/IMG-3708-1-225x300.jpg 225w\" sizes=\"auto, (max-width: 576px) 100vw, 576px\" \/>\t\t\t\t\t\t\t\t<\/a>\n\t\t\t\t\t\t\t\t\t\t\t\t\t\t\t<\/div>\n\t\t\t\t<\/div>\n\t\t\t\t<\/div>\n\t\t<div class=\"elementor-element elementor-element-0ff3de9 e-con-full e-flex e-con e-child\" data-id=\"0ff3de9\" data-element_type=\"container\" data-settings=\"{&quot;content_width&quot;:&quot;full&quot;}\">\n\t\t\t\t<div class=\"elementor-element elementor-element-29f9b3e elementor-widget elementor-widget-heading\" data-id=\"29f9b3e\" data-element_type=\"widget\" data-widget_type=\"heading.default\">\n\t\t\t\t<div class=\"elementor-widget-container\">\n\t\t\t<h2 class=\"elementor-heading-title elementor-size-default\"><a href=\"https:\/\/lamaisonbachelet.com\/en\/les-singes\/\">The Loft <\/a><\/h2>\t\t<\/div>\n\t\t\t\t<\/div>\n\t\t\t\t<div class=\"elementor-element elementor-element-87b86f4 elementor-widget elementor-widget-text-editor\" data-id=\"87b86f4\" data-element_type=\"widget\" data-widget_type=\"text-editor.default\">\n\t\t\t\t<div class=\"elementor-widget-container\">\n\t\t\t\t\t\t\t<p>he Loft is a very large 110 m2 apartment for 4 to 6 people.<\/p><p>It has two large bedrooms, a shower room and a fully equipped kitchen. It is fully air-conditioned and has a closed garage.\u00a0<\/p><p>It's sure to please bikers, sports enthusiasts and families alike.<\/p>\t\t\t\t\t\t<\/div>\n\t\t\t\t<\/div>\n\t\t\t\t<div class=\"elementor-element elementor-element-2c5d930 elementor-align-center elementor-widget elementor-widget-button\" data-id=\"2c5d930\" data-element_type=\"widget\" data-widget_type=\"button.default\">\n\t\t\t\t<div class=\"elementor-widget-container\">\n\t\t\t\t\t<div class=\"elementor-button-wrapper\">\n\t\t\t<a class=\"elementor-button elementor-button-link elementor-size-md\" href=\"https:\/\/lamaisonbachelet.com\/en\/loft\/\">\n\t\t\t\t\t\t<span class=\"elementor-button-content-wrapper\">\n\t\t\t\t\t\t<span class=\"elementor-button-text\">Explore the loft<\/span>\n\t\t<\/span>\n\t\t\t\t\t<\/a>\n\t\t<\/div>\n\t\t\t\t<\/div>\n\t\t\t\t<\/div>\n\t\t\t\t<\/div>\n\t\t\t\t\t<\/div>\n\t\t\t\t<\/div>\n\t\t\t\t\t\t\t<\/div>","protected":false},"excerpt":{"rendered":"<p>La chambre des poissons Les motifs qui d\u00e9corent la d\u00e9corent ont inspir\u00e9 le nom de cette chambre avec vue sur la piscine.\u00a0 Pour deux personnes, elle est \u00e9quip\u00e9e d&rsquo;un lit de 180 x 200 et dispose de sa propre salle d&rsquo;eau et de ses toilettes.\u00a0 D\u00e9couvrez la chambre La chambre \u00ab\u00a0Epoque\u00a0\u00bb Les graffitis anciens qui [&hellip;]<\/p>","protected":false},"author":1,"featured_media":0,"parent":0,"menu_order":0,"comment_status":"closed","ping_status":"closed","template":"","meta":{"footnotes":""},"class_list":["post-319","page","type-page","status-publish","hentry"],"_links":{"self":[{"href":"https:\/\/lamaisonbachelet.com\/en\/wp-json\/wp\/v2\/pages\/319","targetHints":{"allow":["GET"]}}],"collection":[{"href":"https:\/\/lamaisonbachelet.com\/en\/wp-json\/wp\/v2\/pages"}],"about":[{"href":"https:\/\/lamaisonbachelet.com\/en\/wp-json\/wp\/v2\/types\/page"}],"author":[{"embeddable":true,"href":"https:\/\/lamaisonbachelet.com\/en\/wp-json\/wp\/v2\/users\/1"}],"replies":[{"embeddable":true,"href":"https:\/\/lamaisonbachelet.com\/en\/wp-json\/wp\/v2\/comments?post=319"}],"version-history":[{"count":28,"href":"https:\/\/lamaisonbachelet.com\/en\/wp-json\/wp\/v2\/pages\/319\/revisions"}],"predecessor-version":[{"id":799,"href":"https:\/\/lamaisonbachelet.com\/en\/wp-json\/wp\/v2\/pages\/319\/revisions\/799"}],"wp:attachment":[{"href":"https:\/\/lamaisonbachelet.com\/en\/wp-json\/wp\/v2\/media?parent=319"}],"curies":[{"name":"wp","href":"https:\/\/api.w.org\/{rel}","templated":true}]}}