{"id":322,"date":"2023-11-09T10:56:21","date_gmt":"2023-11-09T10:56:21","guid":{"rendered":"https:\/\/lamaisonbachelet.com\/?page_id=322"},"modified":"2023-11-17T16:08:34","modified_gmt":"2023-11-17T16:08:34","slug":"se-reposer-se-detendre-se-distraire-sur-place","status":"publish","type":"page","link":"https:\/\/lamaisonbachelet.com\/en\/se-reposer-se-detendre-se-distraire-sur-place","title":{"rendered":"What to do on site ?"},"content":{"rendered":"<div data-elementor-type=\"wp-page\" data-elementor-id=\"322\" class=\"elementor elementor-322\">\n\t\t\t\t\t\t\t<div class=\"elementor-element elementor-element-699a1f4 e-flex e-con-boxed e-con e-parent\" data-id=\"699a1f4\" data-element_type=\"container\" data-settings=\"{&quot;content_width&quot;:&quot;boxed&quot;}\" data-core-v316-plus=\"true\">\n\t\t\t\t\t<div class=\"e-con-inner\">\n\t\t<div class=\"elementor-element elementor-element-cc743a7 e-con-full e-flex e-con e-child\" data-id=\"cc743a7\" data-element_type=\"container\" data-settings=\"{&quot;content_width&quot;:&quot;full&quot;}\">\n\t\t\t\t<div class=\"elementor-element elementor-element-98516a3 elementor-widget elementor-widget-image\" data-id=\"98516a3\" data-element_type=\"widget\" data-widget_type=\"image.default\">\n\t\t\t\t<div class=\"elementor-widget-container\">\n\t\t\t<style>\/*! elementor - v3.17.0 - 08-11-2023 *\/\n.elementor-widget-image{text-align:center}.elementor-widget-image a{display:inline-block}.elementor-widget-image a img[src$=\".svg\"]{width:48px}.elementor-widget-image img{vertical-align:middle;display:inline-block}<\/style>\t\t\t\t\t\t\t\t\t\t\t\t<img decoding=\"async\" src=\"https:\/\/lamaisonbachelet.com\/wp-content\/uploads\/elementor\/thumbs\/Piscine-oct-23-orteil-qem6koj7tlb4ef4cpjy1dgj2dsw98r3qvffk03htpc.jpg\" title=\"Piscine oct 23 orteil\" alt=\"Piscine oct 23 orteil\" loading=\"lazy\" \/>\t\t\t\t\t\t\t\t\t\t\t\t\t\t\t<\/div>\n\t\t\t\t<\/div>\n\t\t\t\t<\/div>\n\t\t<div class=\"elementor-element elementor-element-41c719c e-con-full e-flex e-con e-child\" data-id=\"41c719c\" data-element_type=\"container\" data-settings=\"{&quot;content_width&quot;:&quot;full&quot;}\">\n\t\t\t\t<div class=\"elementor-element elementor-element-5c6fcb3 elementor-widget elementor-widget-heading\" data-id=\"5c6fcb3\" data-element_type=\"widget\" data-widget_type=\"heading.default\">\n\t\t\t\t<div class=\"elementor-widget-container\">\n\t\t\t<style>\/*! elementor - v3.17.0 - 08-11-2023 *\/\n.elementor-heading-title{padding:0;margin:0;line-height:1}.elementor-widget-heading .elementor-heading-title[class*=elementor-size-]>a{color:inherit;font-size:inherit;line-height:inherit}.elementor-widget-heading .elementor-heading-title.elementor-size-small{font-size:15px}.elementor-widget-heading .elementor-heading-title.elementor-size-medium{font-size:19px}.elementor-widget-heading .elementor-heading-title.elementor-size-large{font-size:29px}.elementor-widget-heading .elementor-heading-title.elementor-size-xl{font-size:39px}.elementor-widget-heading .elementor-heading-title.elementor-size-xxl{font-size:59px}<\/style><h2 class=\"elementor-heading-title elementor-size-default\">The heated swimming pool<\/h2>\t\t<\/div>\n\t\t\t\t<\/div>\n\t\t\t\t<div class=\"elementor-element elementor-element-f0c69a2 elementor-widget elementor-widget-text-editor\" data-id=\"f0c69a2\" data-element_type=\"widget\" data-widget_type=\"text-editor.default\">\n\t\t\t\t<div class=\"elementor-widget-container\">\n\t\t\t<style>\/*! elementor - v3.17.0 - 08-11-2023 *\/\n.elementor-widget-text-editor.elementor-drop-cap-view-stacked .elementor-drop-cap{background-color:#69727d;color:#fff}.elementor-widget-text-editor.elementor-drop-cap-view-framed .elementor-drop-cap{color:#69727d;border:3px solid;background-color:transparent}.elementor-widget-text-editor:not(.elementor-drop-cap-view-default) .elementor-drop-cap{margin-top:8px}.elementor-widget-text-editor:not(.elementor-drop-cap-view-default) .elementor-drop-cap-letter{width:1em;height:1em}.elementor-widget-text-editor .elementor-drop-cap{float:left;text-align:center;line-height:1;font-size:50px}.elementor-widget-text-editor .elementor-drop-cap-letter{display:inline-block}<\/style>\t\t\t\t<p>The heated swimming pool is open daily from May to September, with no time restrictions for B&amp;B guests.<\/p><p>It is accessible to loft travelers from 10am to 7pm.<\/p><p>Its use must be reasonable, with strict respect for other travellers.<\/p><p>Access by minors is forbidden without the effective presence of a responsible adult on site. Swimming is at the user's own risk.<\/p><p>Dress must be appropriate and discretion is essential.<\/p>\t\t\t\t\t\t<\/div>\n\t\t\t\t<\/div>\n\t\t\t\t<\/div>\n\t\t\t\t\t<\/div>\n\t\t\t\t<\/div>\n\t\t<div class=\"elementor-element elementor-element-58c4446 e-flex e-con-boxed e-con e-parent\" data-id=\"58c4446\" data-element_type=\"container\" data-settings=\"{&quot;content_width&quot;:&quot;boxed&quot;}\" data-core-v316-plus=\"true\">\n\t\t\t\t\t<div class=\"e-con-inner\">\n\t\t<div class=\"elementor-element elementor-element-1c1149a e-con-full e-flex e-con e-child\" data-id=\"1c1149a\" data-element_type=\"container\" data-settings=\"{&quot;content_width&quot;:&quot;full&quot;}\">\n\t\t\t\t<div class=\"elementor-element elementor-element-8e1edcc elementor-widget elementor-widget-heading\" data-id=\"8e1edcc\" data-element_type=\"widget\" data-widget_type=\"heading.default\">\n\t\t\t\t<div class=\"elementor-widget-container\">\n\t\t\t<h2 class=\"elementor-heading-title elementor-size-default\">The Jacuzzi<\/h2>\t\t<\/div>\n\t\t\t\t<\/div>\n\t\t\t\t<div class=\"elementor-element elementor-element-7fd91bd elementor-widget elementor-widget-text-editor\" data-id=\"7fd91bd\" data-element_type=\"widget\" data-widget_type=\"text-editor.default\">\n\t\t\t\t<div class=\"elementor-widget-container\">\n\t\t\t\t\t\t\t<p>For a more intimate moment of relaxation, the jacuzzi is available on request (please anticipate the water temperature) all year round, with no time restrictions for B&amp;B guests.&nbsp;<\/p>\n<p>Its use is forbidden to minors. Use is at the sole risk of the user.<\/p>\n<p>Dress must be appropriate and discretion is essential.<\/p>\n<h6>&nbsp;<\/h6>\t\t\t\t\t\t<\/div>\n\t\t\t\t<\/div>\n\t\t\t\t<\/div>\n\t\t\t\t<div class=\"elementor-element elementor-element-f75b192 elementor-widget__width-initial elementor-widget elementor-widget-image\" data-id=\"f75b192\" data-element_type=\"widget\" data-widget_type=\"image.default\">\n\t\t\t\t<div class=\"elementor-widget-container\">\n\t\t\t\t\t\t\t\t\t\t\t\t\t\t\t<img loading=\"lazy\" decoding=\"async\" width=\"225\" height=\"300\" src=\"https:\/\/lamaisonbachelet.com\/wp-content\/uploads\/2023\/10\/Maison-en-aout-22-1-225x300.jpg\" class=\"attachment-medium size-medium wp-image-72\" alt=\"\" srcset=\"https:\/\/lamaisonbachelet.com\/wp-content\/uploads\/2023\/10\/Maison-en-aout-22-1-225x300.jpg 225w, https:\/\/lamaisonbachelet.com\/wp-content\/uploads\/2023\/10\/Maison-en-aout-22-1-768x1024.jpg 768w, https:\/\/lamaisonbachelet.com\/wp-content\/uploads\/2023\/10\/Maison-en-aout-22-1-1152x1536.jpg 1152w, https:\/\/lamaisonbachelet.com\/wp-content\/uploads\/2023\/10\/Maison-en-aout-22-1-1536x2048.jpg 1536w, https:\/\/lamaisonbachelet.com\/wp-content\/uploads\/2023\/10\/Maison-en-aout-22-1-scaled.jpg 1920w\" sizes=\"auto, (max-width: 225px) 100vw, 225px\" \/>\t\t\t\t\t\t\t\t\t\t\t\t\t\t\t<\/div>\n\t\t\t\t<\/div>\n\t\t\t\t\t<\/div>\n\t\t\t\t<\/div>\n\t\t<div class=\"elementor-element elementor-element-65b1207 e-flex e-con-boxed e-con e-parent\" data-id=\"65b1207\" data-element_type=\"container\" data-settings=\"{&quot;content_width&quot;:&quot;boxed&quot;}\" data-core-v316-plus=\"true\">\n\t\t\t\t\t<div class=\"e-con-inner\">\n\t\t\t\t<div class=\"elementor-element elementor-element-17c0b74 elementor-widget__width-initial elementor-widget elementor-widget-image\" data-id=\"17c0b74\" data-element_type=\"widget\" data-widget_type=\"image.default\">\n\t\t\t\t<div class=\"elementor-widget-container\">\n\t\t\t\t\t\t\t\t\t\t\t\t\t\t\t<img loading=\"lazy\" decoding=\"async\" width=\"225\" height=\"300\" src=\"https:\/\/lamaisonbachelet.com\/wp-content\/uploads\/2023\/10\/salon-billard-2-225x300.jpg\" class=\"attachment-medium size-medium wp-image-84\" alt=\"\" srcset=\"https:\/\/lamaisonbachelet.com\/wp-content\/uploads\/2023\/10\/salon-billard-2-225x300.jpg 225w, https:\/\/lamaisonbachelet.com\/wp-content\/uploads\/2023\/10\/salon-billard-2-768x1024.jpg 768w, https:\/\/lamaisonbachelet.com\/wp-content\/uploads\/2023\/10\/salon-billard-2-1152x1536.jpg 1152w, https:\/\/lamaisonbachelet.com\/wp-content\/uploads\/2023\/10\/salon-billard-2-1536x2048.jpg 1536w, https:\/\/lamaisonbachelet.com\/wp-content\/uploads\/2023\/10\/salon-billard-2-scaled.jpg 1920w\" sizes=\"auto, (max-width: 225px) 100vw, 225px\" \/>\t\t\t\t\t\t\t\t\t\t\t\t\t\t\t<\/div>\n\t\t\t\t<\/div>\n\t\t<div class=\"elementor-element elementor-element-bafb74f e-con-full e-flex e-con e-child\" data-id=\"bafb74f\" data-element_type=\"container\" data-settings=\"{&quot;content_width&quot;:&quot;full&quot;}\">\n\t\t\t\t<div class=\"elementor-element elementor-element-1b23d56 elementor-widget elementor-widget-heading\" data-id=\"1b23d56\" data-element_type=\"widget\" data-widget_type=\"heading.default\">\n\t\t\t\t<div class=\"elementor-widget-container\">\n\t\t\t<h2 class=\"elementor-heading-title elementor-size-default\">The pool table<\/h2>\t\t<\/div>\n\t\t\t\t<\/div>\n\t\t\t\t<div class=\"elementor-element elementor-element-5eced5f elementor-widget elementor-widget-text-editor\" data-id=\"5eced5f\" data-element_type=\"widget\" data-widget_type=\"text-editor.default\">\n\t\t\t\t<div class=\"elementor-widget-container\">\n\t\t\t\t\t\t\t<p>The \"Chevillote\" pool table in the lounge is open from 10:00 am to 8:00 pm (out of respect for other travellers).\u00a0<\/p><p>Use by minors unaccompanied by an adult is prohibited.<\/p><p>Calmness and discretion are essential.<\/p><h6>\u00a0<\/h6>\t\t\t\t\t\t<\/div>\n\t\t\t\t<\/div>\n\t\t\t\t<\/div>\n\t\t\t\t\t<\/div>\n\t\t\t\t<\/div>\n\t\t<div class=\"elementor-element elementor-element-942dadb e-flex e-con-boxed e-con e-parent\" data-id=\"942dadb\" data-element_type=\"container\" data-settings=\"{&quot;content_width&quot;:&quot;boxed&quot;}\" data-core-v316-plus=\"true\">\n\t\t\t\t\t<div class=\"e-con-inner\">\n\t\t<div class=\"elementor-element elementor-element-f3f15d2 e-con-full e-flex e-con e-child\" data-id=\"f3f15d2\" data-element_type=\"container\" data-settings=\"{&quot;content_width&quot;:&quot;full&quot;}\">\n\t\t\t\t<div class=\"elementor-element elementor-element-cfb549c elementor-widget elementor-widget-heading\" data-id=\"cfb549c\" data-element_type=\"widget\" data-widget_type=\"heading.default\">\n\t\t\t\t<div class=\"elementor-widget-container\">\n\t\t\t<h2 class=\"elementor-heading-title elementor-size-default\">Our kitchen<\/h2>\t\t<\/div>\n\t\t\t\t<\/div>\n\t\t\t\t<div class=\"elementor-element elementor-element-6ac8530 elementor-widget elementor-widget-text-editor\" data-id=\"6ac8530\" data-element_type=\"widget\" data-widget_type=\"text-editor.default\">\n\t\t\t\t<div class=\"elementor-widget-container\">\n\t\t\t\t\t\t\t<p>Access to our fully-equipped, \"modern and functional\" kitchen is available to travelers who wish to prepare a meal for their own use and who request it.<\/p><p>A refrigerator compartment is reserved for the exclusive use of passengers.<\/p>\t\t\t\t\t\t<\/div>\n\t\t\t\t<\/div>\n\t\t\t\t<\/div>\n\t\t\t\t<div class=\"elementor-element elementor-element-5b1b371 elementor-widget__width-initial elementor-widget elementor-widget-image\" data-id=\"5b1b371\" data-element_type=\"widget\" data-widget_type=\"image.default\">\n\t\t\t\t<div class=\"elementor-widget-container\">\n\t\t\t\t\t\t\t\t\t\t\t\t\t\t\t<img loading=\"lazy\" decoding=\"async\" width=\"300\" height=\"225\" src=\"https:\/\/lamaisonbachelet.com\/wp-content\/uploads\/2023\/10\/Cuisine-300x225.jpg\" class=\"attachment-medium size-medium wp-image-80\" alt=\"\" srcset=\"https:\/\/lamaisonbachelet.com\/wp-content\/uploads\/2023\/10\/Cuisine-300x225.jpg 300w, https:\/\/lamaisonbachelet.com\/wp-content\/uploads\/2023\/10\/Cuisine-1024x768.jpg 1024w, https:\/\/lamaisonbachelet.com\/wp-content\/uploads\/2023\/10\/Cuisine-768x576.jpg 768w, https:\/\/lamaisonbachelet.com\/wp-content\/uploads\/2023\/10\/Cuisine-1536x1152.jpg 1536w, https:\/\/lamaisonbachelet.com\/wp-content\/uploads\/2023\/10\/Cuisine-2048x1536.jpg 2048w\" sizes=\"auto, (max-width: 300px) 100vw, 300px\" \/>\t\t\t\t\t\t\t\t\t\t\t\t\t\t\t<\/div>\n\t\t\t\t<\/div>\n\t\t\t\t\t<\/div>\n\t\t\t\t<\/div>\n\t\t\t\t\t\t\t<\/div>","protected":false},"excerpt":{"rendered":"<p>La piscine chauff\u00e9e La piscine chauff\u00e9e est accessible de Mai \u00e0 Septembre tous les jours sans restriction d&rsquo;horaires pour les voyageurs des chambres d&rsquo;h\u00f4tes. Elle est accessible aux voyageurs du loft de 10h00 \u00e0 19h00. Son utilisation doit \u00eatre raisonnable, dans le strict respect des autres voyageurs. L&rsquo;acc\u00e8s aux mineurs est interdit sans la pr\u00e9sence [&hellip;]<\/p>","protected":false},"author":1,"featured_media":0,"parent":0,"menu_order":0,"comment_status":"closed","ping_status":"closed","template":"","meta":{"footnotes":""},"class_list":["post-322","page","type-page","status-publish","hentry"],"_links":{"self":[{"href":"https:\/\/lamaisonbachelet.com\/en\/wp-json\/wp\/v2\/pages\/322","targetHints":{"allow":["GET"]}}],"collection":[{"href":"https:\/\/lamaisonbachelet.com\/en\/wp-json\/wp\/v2\/pages"}],"about":[{"href":"https:\/\/lamaisonbachelet.com\/en\/wp-json\/wp\/v2\/types\/page"}],"author":[{"embeddable":true,"href":"https:\/\/lamaisonbachelet.com\/en\/wp-json\/wp\/v2\/users\/1"}],"replies":[{"embeddable":true,"href":"https:\/\/lamaisonbachelet.com\/en\/wp-json\/wp\/v2\/comments?post=322"}],"version-history":[{"count":61,"href":"https:\/\/lamaisonbachelet.com\/en\/wp-json\/wp\/v2\/pages\/322\/revisions"}],"predecessor-version":[{"id":885,"href":"https:\/\/lamaisonbachelet.com\/en\/wp-json\/wp\/v2\/pages\/322\/revisions\/885"}],"wp:attachment":[{"href":"https:\/\/lamaisonbachelet.com\/en\/wp-json\/wp\/v2\/media?parent=322"}],"curies":[{"name":"wp","href":"https:\/\/api.w.org\/{rel}","templated":true}]}}