{"id":429,"date":"2023-11-13T16:05:34","date_gmt":"2023-11-13T16:05:34","guid":{"rendered":"https:\/\/lamaisonbachelet.com\/?page_id=429"},"modified":"2024-03-09T17:54:36","modified_gmt":"2024-03-09T16:54:36","slug":"tourisme","status":"publish","type":"page","link":"https:\/\/lamaisonbachelet.com\/en\/tourisme","title":{"rendered":"Tourism and various activities ..."},"content":{"rendered":"<div data-elementor-type=\"wp-page\" data-elementor-id=\"429\" class=\"elementor elementor-429\">\n\t\t\t\t\t\t\t<div class=\"elementor-element elementor-element-60cc10ad e-flex e-con-boxed e-con e-parent\" data-id=\"60cc10ad\" data-element_type=\"container\" data-settings=\"{&quot;content_width&quot;:&quot;boxed&quot;}\" data-core-v316-plus=\"true\">\n\t\t\t\t\t<div class=\"e-con-inner\">\n\t\t\t\t<div class=\"elementor-element elementor-element-1ba5367 elementor-widget elementor-widget-text-editor\" data-id=\"1ba5367\" data-element_type=\"widget\" data-widget_type=\"text-editor.default\">\n\t\t\t\t<div class=\"elementor-widget-container\">\n\t\t\t<style>\/*! elementor - v3.17.0 - 08-11-2023 *\/\n.elementor-widget-text-editor.elementor-drop-cap-view-stacked .elementor-drop-cap{background-color:#69727d;color:#fff}.elementor-widget-text-editor.elementor-drop-cap-view-framed .elementor-drop-cap{color:#69727d;border:3px solid;background-color:transparent}.elementor-widget-text-editor:not(.elementor-drop-cap-view-default) .elementor-drop-cap{margin-top:8px}.elementor-widget-text-editor:not(.elementor-drop-cap-view-default) .elementor-drop-cap-letter{width:1em;height:1em}.elementor-widget-text-editor .elementor-drop-cap{float:left;text-align:center;line-height:1;font-size:50px}.elementor-widget-text-editor .elementor-drop-cap-letter{display:inline-block}<\/style>\t\t\t\t<!-- wp:gallery {\"linkTo\":\"none\"} -->\n<figure class=\"wp-block-gallery has-nested-images columns-default is-cropped\"><\/figure>\n<!-- \/wp:gallery -->\t\t\t\t\t\t<\/div>\n\t\t\t\t<\/div>\n\t\t\t\t\t<\/div>\n\t\t\t\t<\/div>\n\t\t<div class=\"elementor-element elementor-element-948bdeb e-flex e-con-boxed e-con e-parent\" data-id=\"948bdeb\" data-element_type=\"container\" data-settings=\"{&quot;content_width&quot;:&quot;boxed&quot;}\" data-core-v316-plus=\"true\">\n\t\t\t\t\t<div class=\"e-con-inner\">\n\t\t\t\t<div class=\"elementor-element elementor-element-56c449b elementor-widget__width-initial elementor-widget elementor-widget-text-editor\" data-id=\"56c449b\" data-element_type=\"widget\" data-widget_type=\"text-editor.default\">\n\t\t\t\t<div class=\"elementor-widget-container\">\n\t\t\t\t\t\t\t<p>Impossible de passer dans le d\u00e9partement sans admirer les tr\u00e9sors qui s&rsquo;y cachent et les nombreuses activit\u00e9s sportives et culturelles que rec\u00e8le notre si belle r\u00e9gion !<\/p>\t\t\t\t\t\t<\/div>\n\t\t\t\t<\/div>\n\t\t\t\t\t<\/div>\n\t\t\t\t<\/div>\n\t\t<div class=\"elementor-element elementor-element-047f03d e-flex e-con-boxed e-con e-parent\" data-id=\"047f03d\" data-element_type=\"container\" data-settings=\"{&quot;content_width&quot;:&quot;boxed&quot;}\" data-core-v316-plus=\"true\">\n\t\t\t\t\t<div class=\"e-con-inner\">\n\t\t\t\t<div class=\"elementor-element elementor-element-02803af elementor-widget elementor-widget-text-editor\" data-id=\"02803af\" data-element_type=\"widget\" data-widget_type=\"text-editor.default\">\n\t\t\t\t<div class=\"elementor-widget-container\">\n\t\t\t\t\t\t\t<p>Vous \u00eates ici au Sud absolu de la France, ni au Sud Est ni au Sud Ouest.\u00a0Si vous descendez plus au Sud vous \u00eates en Espagne !<\/p>\n<p>Aucune autre r\u00e9gion ne peut offrir autant de choses !<\/p>\n<p>Vous pouvez skier le matin, surfer les vagues de la M\u00e9diterran\u00e9e l&rsquo;apr\u00e8s midi et d\u00eener dans un bon restaurant le soir, voire franchir la fronti\u00e8re pour d\u00e9couvrir les sp\u00e9cialit\u00e9s espagnoles.<\/p>\n<p>Qui mieux que l&rsquo;<a href=\"https:\/\/www.tourisme-pyreneesorientales.com\" target=\"_blank\" rel=\"noopener\">office de tourisme des Pyr\u00e9n\u00e9es Orientales<\/a>\u00a0pour vous faire d\u00e9couvrir la multitude des lieux \u00e0 visiter et des activit\u00e9s \u00e0 pratiquer.<\/p>\t\t\t\t\t\t<\/div>\n\t\t\t\t<\/div>\n\t\t\t\t\t<\/div>\n\t\t\t\t<\/div>\n\t\t\t\t\t\t\t<\/div>","protected":false},"excerpt":{"rendered":"<p>Impossible de passer dans le d\u00e9partement sans admirer les tr\u00e9sors qui s&rsquo;y cachent et les nombreuses activit\u00e9s sportives et culturelles que rec\u00e8le notre si belle r\u00e9gion ! Vous \u00eates ici au Sud absolu de la France, ni au Sud Est ni au Sud Ouest.\u00a0Si vous descendez plus au Sud vous \u00eates en Espagne ! Aucune [&hellip;]<\/p>","protected":false},"author":1,"featured_media":0,"parent":0,"menu_order":0,"comment_status":"closed","ping_status":"closed","template":"","meta":{"footnotes":""},"class_list":["post-429","page","type-page","status-publish","hentry"],"_links":{"self":[{"href":"https:\/\/lamaisonbachelet.com\/en\/wp-json\/wp\/v2\/pages\/429","targetHints":{"allow":["GET"]}}],"collection":[{"href":"https:\/\/lamaisonbachelet.com\/en\/wp-json\/wp\/v2\/pages"}],"about":[{"href":"https:\/\/lamaisonbachelet.com\/en\/wp-json\/wp\/v2\/types\/page"}],"author":[{"embeddable":true,"href":"https:\/\/lamaisonbachelet.com\/en\/wp-json\/wp\/v2\/users\/1"}],"replies":[{"embeddable":true,"href":"https:\/\/lamaisonbachelet.com\/en\/wp-json\/wp\/v2\/comments?post=429"}],"version-history":[{"count":17,"href":"https:\/\/lamaisonbachelet.com\/en\/wp-json\/wp\/v2\/pages\/429\/revisions"}],"predecessor-version":[{"id":1096,"href":"https:\/\/lamaisonbachelet.com\/en\/wp-json\/wp\/v2\/pages\/429\/revisions\/1096"}],"wp:attachment":[{"href":"https:\/\/lamaisonbachelet.com\/en\/wp-json\/wp\/v2\/media?parent=429"}],"curies":[{"name":"wp","href":"https:\/\/api.w.org\/{rel}","templated":true}]}}