{"id":803,"date":"2023-11-16T11:46:47","date_gmt":"2023-11-16T11:46:47","guid":{"rendered":"https:\/\/lamaisonbachelet.com\/?page_id=803"},"modified":"2026-02-10T12:27:08","modified_gmt":"2026-02-10T11:27:08","slug":"commodites-et-numeros-utiles","status":"publish","type":"page","link":"https:\/\/lamaisonbachelet.com\/en\/commodites-et-numeros-utiles","title":{"rendered":"Amenities and useful numbers"},"content":{"rendered":"<div data-elementor-type=\"wp-page\" data-elementor-id=\"803\" class=\"elementor elementor-803\">\n\t\t\t\t\t\t\t<div class=\"elementor-element elementor-element-8eede46 e-flex e-con-boxed e-con e-parent\" data-id=\"8eede46\" data-element_type=\"container\" data-settings=\"{&quot;content_width&quot;:&quot;boxed&quot;}\" data-core-v316-plus=\"true\">\n\t\t\t\t\t<div class=\"e-con-inner\">\n\t\t\t\t<div class=\"elementor-element elementor-element-451e1b0 elementor-widget elementor-widget-text-editor\" data-id=\"451e1b0\" data-element_type=\"widget\" data-widget_type=\"text-editor.default\">\n\t\t\t\t<div class=\"elementor-widget-container\">\n\t\t\t<style>\/*! elementor - v3.17.0 - 08-11-2023 *\/\n.elementor-widget-text-editor.elementor-drop-cap-view-stacked .elementor-drop-cap{background-color:#69727d;color:#fff}.elementor-widget-text-editor.elementor-drop-cap-view-framed .elementor-drop-cap{color:#69727d;border:3px solid;background-color:transparent}.elementor-widget-text-editor:not(.elementor-drop-cap-view-default) .elementor-drop-cap{margin-top:8px}.elementor-widget-text-editor:not(.elementor-drop-cap-view-default) .elementor-drop-cap-letter{width:1em;height:1em}.elementor-widget-text-editor .elementor-drop-cap{float:left;text-align:center;line-height:1;font-size:50px}.elementor-widget-text-editor .elementor-drop-cap-letter{display:inline-block}<\/style>\t\t\t\t<p>Useful numbers and addresses<\/p><p><strong>Claira shopkeepers<\/strong><\/p><p><strong>Let's give priority to local shops!<\/strong><\/p><p>Boulangerie Le Fournil des gourmands\u00a0 12 place du march\u00e9\u00a0 : 04 68 28 36 63<\/p><p>Medical practice 49 bd des Alb\u00e8res : + 33 4 68 28 09 48<\/p><p>Hairdresser Laetitia coiffure 10 rue du ruisseau : + 33 4 68 35 00 49<\/p><p>Grossery Butcher shop  Spar 29 bis Av de l\u2019Agly : +33 4 68 35 53 18<\/p><p>Pharmacy Baudi\u00e8re 47 Bd des Alb\u00e8res : +33 4 68 28 31 55<\/p><p>Pizz\u00e9ria Bonici 20 rue du ruisseau : 04 48 22 72 17<\/p><p>Cash point 29 bis Av de l&rsquo;Agly \u00e0 c\u00f4t\u00e9 de Spar<\/p><p>Tabacco  Press 22 av de la Salanque : 09 60 13 41 98<\/p><p><strong>Markets<\/strong><\/p><p>Samedi matin \u00e0 Claira,<\/p><p>Thursday and Sunday mornings at Saint Laurent de la Salanque,<\/p><p>Wednesday, Friday and Sunday mornings in Le Barcar\u00e8s.<\/p><p>You'll find ready-to-eat takeaways (Pa\u00ebllas, couscous, etc.).<\/p><p>You'll also find a wide range of shops in the shopping area<\/p><p>Carrefour Salanca, 5 minutes by car :<\/p><p>Lidl, D\u00e9cathlon, Darty, Cabesto, restaurants, Fast Food, cin\u00e9ma CGR, station service, etc.<\/p>\t\t\t\t\t\t<\/div>\n\t\t\t\t<\/div>\n\t\t\t\t\t<\/div>\n\t\t\t\t<\/div>\n\t\t\t\t\t\t\t<\/div>","protected":false},"excerpt":{"rendered":"<p>Num\u00e9ros et adresses utiles Les commer\u00e7ants de Claira Privil\u00e9gions les commerces de proximit\u00e9 ! Boulangerie Le Fournil des gourmands\u00a0 12 place du march\u00e9\u00a0 : 04 68 28 36 63 Cabinet m\u00e9dical 49 bd des Alb\u00e8res : 04 68 28 09 48 Coiffeur Laetitia coiffure 10 rue du ruisseau : 04 68 35 00 49 Epicerie [&hellip;]<\/p>","protected":false},"author":1,"featured_media":0,"parent":0,"menu_order":0,"comment_status":"closed","ping_status":"closed","template":"","meta":{"footnotes":""},"class_list":["post-803","page","type-page","status-publish","hentry"],"_links":{"self":[{"href":"https:\/\/lamaisonbachelet.com\/en\/wp-json\/wp\/v2\/pages\/803","targetHints":{"allow":["GET"]}}],"collection":[{"href":"https:\/\/lamaisonbachelet.com\/en\/wp-json\/wp\/v2\/pages"}],"about":[{"href":"https:\/\/lamaisonbachelet.com\/en\/wp-json\/wp\/v2\/types\/page"}],"author":[{"embeddable":true,"href":"https:\/\/lamaisonbachelet.com\/en\/wp-json\/wp\/v2\/users\/1"}],"replies":[{"embeddable":true,"href":"https:\/\/lamaisonbachelet.com\/en\/wp-json\/wp\/v2\/comments?post=803"}],"version-history":[{"count":19,"href":"https:\/\/lamaisonbachelet.com\/en\/wp-json\/wp\/v2\/pages\/803\/revisions"}],"predecessor-version":[{"id":1185,"href":"https:\/\/lamaisonbachelet.com\/en\/wp-json\/wp\/v2\/pages\/803\/revisions\/1185"}],"wp:attachment":[{"href":"https:\/\/lamaisonbachelet.com\/en\/wp-json\/wp\/v2\/media?parent=803"}],"curies":[{"name":"wp","href":"https:\/\/api.w.org\/{rel}","templated":true}]}}